{"id":766,"date":"2022-03-04T18:01:07","date_gmt":"2022-03-04T17:01:07","guid":{"rendered":"https:\/\/atres.pl\/?page_id=766"},"modified":"2025-08-20T20:07:59","modified_gmt":"2025-08-20T18:07:59","slug":"datenschutz","status":"publish","type":"page","link":"https:\/\/atres.pl\/de\/datenschutz\/","title":{"rendered":"Datenschutz"},"content":{"rendered":"\r\n<p><strong>Sie und der Schutz Ihrer Daten sind uns wichtig!<\/strong><br \/><br \/>Die Atres Intralogistics Sp. z o.o. freut sich \u00fcber Ihren Besuch auf unserer Website sowie \u00fcber Ihr Interesse an unserem Unternehmen und unseren Produkten. Wir respektieren Ihre Privatsph\u00e4re und nehmen den Schutz Ihrer personenbezogenen Daten ernst. Daher setzen wir auf eine vertrauensvolle Kooperation beim Besuch unserer Websites.<br \/><br \/>Das Einhalten der gesetzlichen Bestimmungen zum Datenschutz und zur Datensicherheit ist f\u00fcr uns selbstverst\u00e4ndlich. Unsere Mitarbeiter und Beauftragten werden auf die Einhaltung der datenschutzrechtlichen Bestimmungen nach den gesetzlichen Vorgaben verpflichtet.<br \/><br \/>Die rechtlichen Grundlagen des europ\u00e4ischen Datenschutzes finden Sie insbesondere in der europ\u00e4ischen Datenschutzverordnung (EU DS-GVO) und dem BDSG Neu.\u00a0<br \/><br \/><strong>Verantwortliche Stelle<\/strong><br \/><br \/>Verantwortliche Stelle f\u00fcr die Erhebung, Verarbeitung und Nutzung personenbezogener Daten im Sinne der DS-GVO, sonstiger in den Mitgliedstaaten der Europ\u00e4ischen Union geltenden Datenschutzgesetze und anderer Bestimmungen mit datenschutzrechtlichem Charakter ist die:<br \/><br \/><strong>Atres Intralogistics Sp. z o.o.<\/strong><br \/>Ludmi\u0142y 60<br \/>60-154 Posen<br \/>Polen<br \/>Tel.: +48 61 307 07 01<br \/>E-Mail: <a href=\"mailto:biuro@atres.pl\">biuro@atres.pl<\/a>\u00a0<br \/>Website:\u00a0<a title=\"https:\/\/www.still.de\/\" href=\"https:\/\/www.atres.pl\/de\" target=\"_blank\" rel=\"noopener\">www.atres.pl\/de<\/a><\/p>\r\n<p class=\"separator\">&nbsp;<\/p>\r\n<p><strong>Ihr Ansprechpartner f\u00fcr Datenschutz<\/strong><\/p>\r\n<p>Transparenz ist uns sehr wichtig. Bei Fragen zur Verwendung Ihrer personenbezogenen Daten, bei Ausk\u00fcnften, Berichtigung, Sperrung oder L\u00f6schung von Daten sowie Widerruf erteilter Einwilligungen, aber auch bei Anregungen und Beschwerden k\u00f6nnen Sie sich jederzeit direkt gern an unseren Konzerndatenschutzbeauftragten wenden. Die Inanspruchnahme Ihrer vorstehenden Rechte ist f\u00fcr Sie kostenlos.<br \/><br \/><\/p>\r\n<div class=\"content-accordion__header\">\r\n<div class=\"content-accordion__header-text\">\r\n<p><strong>Umgang mit personenbezogenen Daten<\/strong><\/p>\r\n<\/div>\r\n<div class=\"content-accordion__header-toggle-btn-wrap\">\u00a0<\/div>\r\n<\/div>\r\n<div class=\"content-accordion__content toggle-widget__content\">\r\n<div class=\"content-accordion__content-inner\">\r\n<div id=\"c62374\" class=\"content-text content-text-- content-element\" data-is-contact-section=\"false\" data-short-text=\"\">\r\n<p>Eine Nutzung des Onlineangebotes der Atres Intralogistics Sp. z o.o. ist grunds\u00e4tzlich ohne jede Angabe personenbezogener Daten m\u00f6glich. Sofern Sie Services unseres Unternehmens \u00fcber unsere Website in Anspruch nehmen m\u00f6chten, k\u00f6nnte jedoch die Verarbeitung Ihrer personenbezogener Daten erforderlich werden.<br \/><br \/>Die Verarbeitung Ihrer personenbezogener Daten erfolgt stets im Einklang insbesondere mit der DS-GVO, BDSG Neu und TMG sowie auch in \u00dcbereinstimmung mit den f\u00fcr die STILL GmbH geltenden landesspezifischen Datenschutzbestimmungen. Das bedeutet, die Daten der Nutzer werden nur bei Vorliegen einer gesetzlichen Erlaubnis verarbeitet, d. h., wenn die Datenverarbeitung gesetzlich vorgeschrieben ist, eine Einwilligung der Nutzer vorliegt oder aufgrund unseres berechtigten Interessen im Sinne des Art. 6 Abs. 1 Buchstabe b DS \u2013 GVO.<br \/><br \/>Personenbezogene Daten sind alle Informationen, die explizit genutzt werden, um Ihre Identit\u00e4t festzustellen. Darunter fallen Informationen wie z. B. Ihr Name, Ihre Post- oder E-Mail-Adresse, Ihre Telefonnummer.<br \/><br \/>Ihre personenbezogenen Daten werden von uns zus\u00e4tzlich zu den Zugriffsdaten nur dann erfasst, wenn Sie uns diese freiwillig, im Rahmen einer Kontaktanfrage angeben. Personenbezogene Daten werden zudem nur im erforderlichen Umfang und nur zu dem von Ihnen eingewilligten bzw. rechtlich zul\u00e4ssigen Zweck verwendet. F\u00fcr die Verwendung personenbezogener Daten zu anderen Zwecken &#8211; insbesondere zu Werbezwecken &#8211; wird Atres Intralogistics Sp. z o.o. stets vor Erhebung der Daten Ihre ausdr\u00fcckliche Einwilligung einholen.<br \/><br \/><\/p>\r\n<h3 id=\"c62380\" class=\"content-headline wp-block-heading\" data-is-contact-section=\"false\" data-short-text=\"\">Der Atres Onlineauftritt und Webseitenoptimierung<\/h3>\r\n<section class=\"content-accordions-wrap content-element\">\r\n<article id=\"c62382\" class=\"content-accordion content-accordion--open toggle-widget\" data-disable-default-opening=\"\">\r\n<div class=\"content-accordion__header\">\r\n<div class=\"content-accordion__header-text\">\r\n<p>Wir m\u00f6chten Sie besser kennenlernen, damit wir Ihnen einen besseren Service anbieten und gleichzeitig Ihre W\u00fcnsche hinsichtlich der Verwendung Ihrer pers\u00f6nlichen Daten durch uns besser respektieren k\u00f6nnen. Aus diesem Grund setzten wir auf unserer Website auf Grundlage des Art. 6 Abs. 1 Buchstabe f DS-GVO sogenannte Cookies (eigene und von Drittanbietern) und \u00e4hnliche Technologien ein.<\/p>\r\n<p class=\"separator\">&nbsp;<\/p>\r\n<p>Cookies sind kleine Textdateien, die weltweit von vielen Websites verwendet werden. Cookies werden w\u00e4hrend Ihres Besuchs auf unserer Website durch Ihren Browser automatisch erstellt und von unserem Server auf die Festplatte Ihres Endger\u00e4tes (Computer oder mobiles Ger\u00e4t) abgelegt. Cookies richten auf Ihrem Endger\u00e4t keinen Schaden an, enthalten keine Viren, Trojaner oder sonstige Schadsoftware. In dem Cookie werden Informationen gespeichert, die sich jeweils im Zusammenhang mit Ihrem spezifisch eingesetzten Endger\u00e4t ergeben. Unsere Cookies enthalten keine personenspezifischen Informationen. Von unseren Servern abgelegte Cookies k\u00f6nnen zudem auch nur wieder von uns und keiner fremden Website gelesen werden.<\/p>\r\n<\/div>\r\n<\/div>\r\n<\/article>\r\n<\/section>\r\n<\/div>\r\n<\/div>\r\n<\/div>\r\n<h2>\u00a0<\/h2>\r\n<p><strong>Google Analytics<\/strong><\/p>\r\n<p>Um bedarfsgerechte Gestaltung und kontinuierliche Optimierung unserer Websites zu gew\u00e4hrleisten nutzen wir auf Grundlage des Art. 6 Abs. 1 Buchstabe f DS-GVO (berechtigtes Interesse) Google Analytics &#8211; einen Webanalysedienst der Google Inc., 1600 Amphitheatre Parkway, Mountain View, CA 94043, USA, im Folgenden Google genannt. Dabei werden pseudonymisierte Nutzungsprofile erstellt und eine spezifische Form von Cookies verwendet. Die durch den Cookie erzeugten Informationen \u00fcber Ihre Benutzung dieser Website werden in der Regel an einen Server von Google in den USA \u00fcbertragen und dort gespeichert. Google ist unter dem Privacy-Shield-Abkommen zertifiziert und bietet hierdurch eine Garantie, das EU-Datenschutzniveau einzuhalten.<\/p>\r\n<p class=\"separator\">&nbsp;<\/p>\r\n<p>Die im Rahmen von Google Analytics von Ihrem Browser \u00fcbermittelte IP-Adresse wird nicht mit anderen Daten von Google zusammengef\u00fchrt. M\u00f6chten Sie als Nutzer die Erfassung der durch den Cookie erzeugten und auf die Nutzung der Website bezogenen Daten (inkl. Ihrer IP-Adresse) an Google sowie die Verarbeitung dieser Daten durch Google verhindern, k\u00f6nnen Sie durch Herunterladen und Installieren des Add-ons zur Deaktivierung von Google Analytics tun. Das Browser-Add-on ist f\u00fcr Internet Explorer, Google Chrome, Mozilla Firefox Apple Safari und Opera verf\u00fcgbar unter: tools.google.com\/dlpage\/gaoptout<\/p>\r\n<p class=\"separator\">&nbsp;<\/p>\r\n<p>N\u00e4here Informationen zu Nutzungsbedingungen und Datenschutz finden Sie unter marketingplatform.google.com\/about\/analytics\/terms\/de\/ bzw. unter marketingplatform.google.com\/about\/<\/p>\r\n<p class=\"separator\">&nbsp;<\/p>\r\n\r\n\r\n\r\n\r\n\r\n<p class=\"separator\">&nbsp;<\/p>\r\n\r\n\r\n\r\n\r\n\r\n\r\n\r\n<p class=\"separator\">&nbsp;<\/p>\r\n","protected":false},"excerpt":{"rendered":"<p>Sie und der Schutz Ihrer Daten sind uns wichtig! Die Atres Intralogistics Sp. z o.o. freut sich \u00fcber Ihren Besuch auf unserer Website sowie \u00fcber Ihr Interesse an unserem Unternehmen und unseren Produkten. Wir respektieren Ihre Privatsph\u00e4re und nehmen den Schutz Ihrer personenbezogenen Daten ernst. Daher setzen wir auf eine vertrauensvolle Kooperation beim Besuch unserer [&hellip;]<\/p>\n","protected":false},"author":2,"featured_media":0,"parent":0,"menu_order":0,"comment_status":"closed","ping_status":"open","template":"","meta":{"_acf_changed":false,"footnotes":""},"class_list":["post-766","page","type-page","status-publish","hentry"],"acf":[],"yoast_head":"<!-- This site is optimized with the Yoast SEO plugin v25.6 - https:\/\/yoast.com\/wordpress\/plugins\/seo\/ -->\n<title>Datenschutz - Atres Intralogistics<\/title>\n<meta name=\"description\" content=\"Datenschutz der Atres Intralogistics Sp. z o.o. Wir freuen uns \u00fcber Ihren Besuch auf unserer Website.\" \/>\n<meta name=\"robots\" content=\"index, follow, max-snippet:-1, max-image-preview:large, max-video-preview:-1\" \/>\n<link rel=\"canonical\" href=\"https:\/\/atres.pl\/de\/datenschutz\/\" \/>\n<meta property=\"og:locale\" content=\"de_DE\" \/>\n<meta property=\"og:type\" content=\"article\" \/>\n<meta property=\"og:title\" content=\"Datenschutz - Atres Intralogistics\" \/>\n<meta property=\"og:description\" content=\"Datenschutz der Atres Intralogistics Sp. z o.o. Wir freuen uns \u00fcber Ihren Besuch auf unserer Website.\" \/>\n<meta property=\"og:url\" content=\"https:\/\/atres.pl\/de\/datenschutz\/\" \/>\n<meta property=\"og:site_name\" content=\"Atres Intralogistics\" \/>\n<meta property=\"article:modified_time\" content=\"2025-08-20T18:07:59+00:00\" \/>\n<meta name=\"twitter:card\" content=\"summary_large_image\" \/>\n<script type=\"application\/ld+json\" class=\"yoast-schema-graph\">{\"@context\":\"https:\/\/schema.org\",\"@graph\":[{\"@type\":\"WebPage\",\"@id\":\"https:\/\/atres.pl\/de\/datenschutz\/\",\"url\":\"https:\/\/atres.pl\/de\/datenschutz\/\",\"name\":\"Datenschutz - Atres Intralogistics\",\"isPartOf\":{\"@id\":\"https:\/\/atres.pl\/de\/#website\"},\"datePublished\":\"2022-03-04T17:01:07+00:00\",\"dateModified\":\"2025-08-20T18:07:59+00:00\",\"description\":\"Datenschutz der Atres Intralogistics Sp. z o.o. Wir freuen uns \u00fcber Ihren Besuch auf unserer Website.\",\"breadcrumb\":{\"@id\":\"https:\/\/atres.pl\/de\/datenschutz\/#breadcrumb\"},\"inLanguage\":\"de-DE\",\"potentialAction\":[{\"@type\":\"ReadAction\",\"target\":[\"https:\/\/atres.pl\/de\/datenschutz\/\"]}]},{\"@type\":\"BreadcrumbList\",\"@id\":\"https:\/\/atres.pl\/de\/datenschutz\/#breadcrumb\",\"itemListElement\":[{\"@type\":\"ListItem\",\"position\":1,\"name\":\"Startseite\",\"item\":\"https:\/\/atres.pl\/de\/\"},{\"@type\":\"ListItem\",\"position\":2,\"name\":\"Datenschutz\"}]},{\"@type\":\"WebSite\",\"@id\":\"https:\/\/atres.pl\/de\/#website\",\"url\":\"https:\/\/atres.pl\/de\/\",\"name\":\"Atres Intralogistics\",\"description\":\"Systemy i poci\u0105gi intralogistyczne\",\"publisher\":{\"@id\":\"https:\/\/atres.pl\/de\/#organization\"},\"potentialAction\":[{\"@type\":\"SearchAction\",\"target\":{\"@type\":\"EntryPoint\",\"urlTemplate\":\"https:\/\/atres.pl\/de\/?s={search_term_string}\"},\"query-input\":{\"@type\":\"PropertyValueSpecification\",\"valueRequired\":true,\"valueName\":\"search_term_string\"}}],\"inLanguage\":\"de-DE\"},{\"@type\":\"Organization\",\"@id\":\"https:\/\/atres.pl\/de\/#organization\",\"name\":\"Atres Intralogistics\",\"url\":\"https:\/\/atres.pl\/de\/\",\"logo\":{\"@type\":\"ImageObject\",\"inLanguage\":\"de-DE\",\"@id\":\"https:\/\/atres.pl\/de\/#\/schema\/logo\/image\/\",\"url\":\"https:\/\/atres.pl\/wp-content\/uploads\/2022\/09\/Logo-Atres_R-e1663846882978.png\",\"contentUrl\":\"https:\/\/atres.pl\/wp-content\/uploads\/2022\/09\/Logo-Atres_R-e1663846882978.png\",\"width\":800,\"height\":327,\"caption\":\"Atres Intralogistics\"},\"image\":{\"@id\":\"https:\/\/atres.pl\/de\/#\/schema\/logo\/image\/\"}}]}<\/script>\n<!-- \/ Yoast SEO plugin. -->","yoast_head_json":{"title":"Datenschutz - Atres Intralogistics","description":"Datenschutz der Atres Intralogistics Sp. z o.o. Wir freuen uns \u00fcber Ihren Besuch auf unserer Website.","robots":{"index":"index","follow":"follow","max-snippet":"max-snippet:-1","max-image-preview":"max-image-preview:large","max-video-preview":"max-video-preview:-1"},"canonical":"https:\/\/atres.pl\/de\/datenschutz\/","og_locale":"de_DE","og_type":"article","og_title":"Datenschutz - Atres Intralogistics","og_description":"Datenschutz der Atres Intralogistics Sp. z o.o. Wir freuen uns \u00fcber Ihren Besuch auf unserer Website.","og_url":"https:\/\/atres.pl\/de\/datenschutz\/","og_site_name":"Atres Intralogistics","article_modified_time":"2025-08-20T18:07:59+00:00","twitter_card":"summary_large_image","schema":{"@context":"https:\/\/schema.org","@graph":[{"@type":"WebPage","@id":"https:\/\/atres.pl\/de\/datenschutz\/","url":"https:\/\/atres.pl\/de\/datenschutz\/","name":"Datenschutz - Atres Intralogistics","isPartOf":{"@id":"https:\/\/atres.pl\/de\/#website"},"datePublished":"2022-03-04T17:01:07+00:00","dateModified":"2025-08-20T18:07:59+00:00","description":"Datenschutz der Atres Intralogistics Sp. z o.o. Wir freuen uns \u00fcber Ihren Besuch auf unserer Website.","breadcrumb":{"@id":"https:\/\/atres.pl\/de\/datenschutz\/#breadcrumb"},"inLanguage":"de-DE","potentialAction":[{"@type":"ReadAction","target":["https:\/\/atres.pl\/de\/datenschutz\/"]}]},{"@type":"BreadcrumbList","@id":"https:\/\/atres.pl\/de\/datenschutz\/#breadcrumb","itemListElement":[{"@type":"ListItem","position":1,"name":"Startseite","item":"https:\/\/atres.pl\/de\/"},{"@type":"ListItem","position":2,"name":"Datenschutz"}]},{"@type":"WebSite","@id":"https:\/\/atres.pl\/de\/#website","url":"https:\/\/atres.pl\/de\/","name":"Atres Intralogistics","description":"Systemy i poci\u0105gi intralogistyczne","publisher":{"@id":"https:\/\/atres.pl\/de\/#organization"},"potentialAction":[{"@type":"SearchAction","target":{"@type":"EntryPoint","urlTemplate":"https:\/\/atres.pl\/de\/?s={search_term_string}"},"query-input":{"@type":"PropertyValueSpecification","valueRequired":true,"valueName":"search_term_string"}}],"inLanguage":"de-DE"},{"@type":"Organization","@id":"https:\/\/atres.pl\/de\/#organization","name":"Atres Intralogistics","url":"https:\/\/atres.pl\/de\/","logo":{"@type":"ImageObject","inLanguage":"de-DE","@id":"https:\/\/atres.pl\/de\/#\/schema\/logo\/image\/","url":"https:\/\/atres.pl\/wp-content\/uploads\/2022\/09\/Logo-Atres_R-e1663846882978.png","contentUrl":"https:\/\/atres.pl\/wp-content\/uploads\/2022\/09\/Logo-Atres_R-e1663846882978.png","width":800,"height":327,"caption":"Atres Intralogistics"},"image":{"@id":"https:\/\/atres.pl\/de\/#\/schema\/logo\/image\/"}}]}},"_links":{"self":[{"href":"https:\/\/atres.pl\/de\/wp-json\/wp\/v2\/pages\/766"}],"collection":[{"href":"https:\/\/atres.pl\/de\/wp-json\/wp\/v2\/pages"}],"about":[{"href":"https:\/\/atres.pl\/de\/wp-json\/wp\/v2\/types\/page"}],"author":[{"embeddable":true,"href":"https:\/\/atres.pl\/de\/wp-json\/wp\/v2\/users\/2"}],"replies":[{"embeddable":true,"href":"https:\/\/atres.pl\/de\/wp-json\/wp\/v2\/comments?post=766"}],"version-history":[{"count":3,"href":"https:\/\/atres.pl\/de\/wp-json\/wp\/v2\/pages\/766\/revisions"}],"predecessor-version":[{"id":1602,"href":"https:\/\/atres.pl\/de\/wp-json\/wp\/v2\/pages\/766\/revisions\/1602"}],"wp:attachment":[{"href":"https:\/\/atres.pl\/de\/wp-json\/wp\/v2\/media?parent=766"}],"curies":[{"name":"wp","href":"https:\/\/api.w.org\/{rel}","templated":true}]}}