{"id":764,"date":"2022-04-24T21:08:42","date_gmt":"2022-04-24T19:08:42","guid":{"rendered":"https:\/\/atres.pl\/?page_id=764"},"modified":"2025-08-20T20:11:36","modified_gmt":"2025-08-20T18:11:36","slug":"forschungsprojekte-eu","status":"publish","type":"page","link":"https:\/\/atres.pl\/de\/forschungsprojekte-eu\/","title":{"rendered":"Forschungsprojekte EU"},"content":{"rendered":"<h2>Entwicklung eines intelligenten, robotergest\u00fctzten, selbstentladenden Logistikwagens f\u00fcr einen autonomen Logistikzug<\/h2>\n<p class=\"separator\">&nbsp;<\/p>\n<p><img loading=\"lazy\" decoding=\"async\" class=\"alignnone wp-image-588\" src=\"https:\/\/atres.pl\/wp-content\/uploads\/2022\/07\/Projekt-NCBiR-Atres-1024x108.png\" alt=\"Projekt NCBiR Atres\" width=\"945\" height=\"100\" srcset=\"https:\/\/atres.pl\/wp-content\/uploads\/2022\/07\/Projekt-NCBiR-Atres-1024x108.png 1024w, https:\/\/atres.pl\/wp-content\/uploads\/2022\/07\/Projekt-NCBiR-Atres-300x32.png 300w, https:\/\/atres.pl\/wp-content\/uploads\/2022\/07\/Projekt-NCBiR-Atres-768x81.png 768w, https:\/\/atres.pl\/wp-content\/uploads\/2022\/07\/Projekt-NCBiR-Atres-1536x163.png 1536w, https:\/\/atres.pl\/wp-content\/uploads\/2022\/07\/Projekt-NCBiR-Atres-2048x217.png 2048w\" sizes=\"(max-width: 945px) 100vw, 945px\" \/><\/p>\n<p class=\"separator\">&nbsp;<\/p>\n<div id=\"sppb-addon-1518015777112\" class=\"clearfix\">\n<div class=\"sppb-addon sppb-addon-header sppb-text-left\">\n<div>\n<p><strong>Beg\u00fcnstigter<\/strong><br \/>\nAtres Intralogistics, eine Gesellschaft mit beschr\u00e4nkter Haftung, f\u00fchrt das Projekt <em>\u201eEntwicklung eines intelligenten, robotergest\u00fctzten, selbstentladenden Logistikwagens f\u00fcr einen autonomen Logistikzug\u201c<\/em> durch.<\/p>\n<p>Im Rahmen des Operationellen Programms \u201eIntelligentes Wachstum\u201c 2014\u20132020, Teilma\u00dfnahme 1.1.1.<\/p>\n<p class=\"separator\">&nbsp;<\/p>\n<p>Hauptziel des Projekts ist die Entwicklung eines intelligenten, robotergest\u00fctzten, selbstentladenden Logistikwagens \u2013 eines weltweit innovativen Produkts, das eine umfassende L\u00f6sung f\u00fcr die Intralogistikprozesse von Fertigungsunternehmen bietet.<\/p>\n<p>Das Projektergebnis wird das erste kommerziell erh\u00e4ltliche Produkt sein, das vollst\u00e4ndig mit automatisierten Schleppern kompatibel ist. Es wird zudem das technologisch fortschrittlichste Produkt des Unternehmens sein.<\/p>\n<p class=\"separator\">&nbsp;<\/p>\n<p>Projektwert: 2.828.375,00 PLN<br \/>\nEurop\u00e4ischer Fondsbeitrag: 1.697.025,00 PLN<br \/>\nProjektlaufzeit: 1. Januar 2022 \u2013 31. Dezember 2023<\/p>\n<\/div>\n<\/div>\n<\/div>\n<p class=\"separator\">&nbsp;<\/p>\n<h2><\/h2>\n<h2>Entwicklung eines neuartigen Logistikwagens und eines Verfahrens zur kollisions- und blockadefreien Umsetzung intralogistischer Prozesse<\/h2>\n<p class=\"separator\">&nbsp;<\/p>\n<p><img loading=\"lazy\" decoding=\"async\" class=\"alignnone wp-image-587\" src=\"https:\/\/atres.pl\/wp-content\/uploads\/2022\/07\/FE_POIR_poziom_pl-1_rgb-1024x141.jpeg\" alt=\"FE_POIR_poziom_pl\" width=\"727\" height=\"100\" srcset=\"https:\/\/atres.pl\/wp-content\/uploads\/2022\/07\/FE_POIR_poziom_pl-1_rgb-1024x141.jpeg 1024w, https:\/\/atres.pl\/wp-content\/uploads\/2022\/07\/FE_POIR_poziom_pl-1_rgb-300x41.jpeg 300w, https:\/\/atres.pl\/wp-content\/uploads\/2022\/07\/FE_POIR_poziom_pl-1_rgb-768x106.jpeg 768w, https:\/\/atres.pl\/wp-content\/uploads\/2022\/07\/FE_POIR_poziom_pl-1_rgb-1536x211.jpeg 1536w, https:\/\/atres.pl\/wp-content\/uploads\/2022\/07\/FE_POIR_poziom_pl-1_rgb-2048x282.jpeg 2048w\" sizes=\"(max-width: 727px) 100vw, 727px\" \/><\/p>\n<p class=\"separator\">&nbsp;<\/p>\n<div id=\"sppb-addon-1518015777112\" class=\"clearfix\">\n<div class=\"sppb-addon sppb-addon-header sppb-text-left\">\n<div class=\"sppb-addon-title\">\n<div id=\"sppb-addon-1518015777112\" class=\"clearfix\">\n<div class=\"sppb-addon sppb-addon-header sppb-text-left\">\n<div>\n<p><strong>Beg\u00fcnstigter<\/strong><br \/>\nAtres Intralogistics, eine Gesellschaft mit beschr\u00e4nkter Haftung, f\u00fchrt das Projekt <em>\u201eEntwicklung eines neuen Logistik-LKW-Typs und einer Methode zur kollisions- und blockierungsfreien Umsetzung intralogistischer Prozesse\u201c<\/em> durch.<\/p>\n<p class=\"separator\">&nbsp;<\/p>\n<p>Im Rahmen des Operationellen Programms \u201eIntelligentes Wachstum\u201c 2014\u20132020, Ma\u00dfnahme 1.1\/Teilma\u00dfnahme 1.1.1<\/p>\n<p class=\"separator\">&nbsp;<\/p>\n<p>Projektziele: Das Hauptziel des Projekts ist die Entwicklung moderner, umfassender und bisher nicht verf\u00fcgbarer Intralogistikl\u00f6sungen.<\/p>\n<p>Das Projektergebnis ist die Entwicklung einer Designl\u00f6sung (Produkt) und einer Systeml\u00f6sung (Dienstleistung) mit Funktionen, die einen neuen Standard f\u00fcr Intralogistikl\u00f6sungen setzen.<\/p>\n<p class=\"separator\">&nbsp;<\/p>\n<p>Projektwert: 1.493.118,00 PLN<br \/>\nEU-F\u00f6rderung: 1.077.510,60 PLN<br \/>\nUmsetzungszeitraum: 1. November 2017 \u2013 31. Oktober 2018<\/p>\n<\/div>\n<\/div>\n<\/div>\n<\/div>\n<\/div>\n<\/div>\n<div id=\"sppb-addon-1518015777134\" class=\"clearfix\">\n<div class=\"sppb-addon sppb-addon-header sppb-text-left\">\n<div class=\"sppb-addon-title\"><\/div>\n<\/div>\n<\/div>\n","protected":false},"excerpt":{"rendered":"<p>Entwicklung eines intelligenten, robotergest\u00fctzten, selbstentladenden Logistikwagens f\u00fcr einen autonomen Logistikzug &nbsp; &nbsp; Beg\u00fcnstigter Atres Intralogistics, eine Gesellschaft mit beschr\u00e4nkter Haftung, f\u00fchrt das Projekt \u201eEntwicklung eines intelligenten, robotergest\u00fctzten, selbstentladenden Logistikwagens f\u00fcr einen autonomen Logistikzug\u201c durch. Im Rahmen des Operationellen Programms \u201eIntelligentes Wachstum\u201c 2014\u20132020, Teilma\u00dfnahme 1.1.1. &nbsp; Hauptziel des Projekts ist die Entwicklung eines intelligenten, robotergest\u00fctzten, selbstentladenden [&hellip;]<\/p>\n","protected":false},"author":2,"featured_media":0,"parent":0,"menu_order":0,"comment_status":"closed","ping_status":"closed","template":"","meta":{"_acf_changed":false,"footnotes":""},"class_list":["post-764","page","type-page","status-publish","hentry"],"acf":[],"yoast_head":"<!-- This site is optimized with the Yoast SEO plugin v25.6 - https:\/\/yoast.com\/wordpress\/plugins\/seo\/ -->\n<title>Forschungsprojekte EU - Atres Intralogistics<\/title>\n<meta name=\"description\" content=\"EU Forschungsprojekte von Atres Intralogistics im Bereich der innerbetrieblichen Transportoptimierung.\" \/>\n<meta name=\"robots\" content=\"index, follow, max-snippet:-1, max-image-preview:large, max-video-preview:-1\" \/>\n<link rel=\"canonical\" href=\"https:\/\/atres.pl\/de\/forschungsprojekte-eu\/\" \/>\n<meta property=\"og:locale\" content=\"de_DE\" \/>\n<meta property=\"og:type\" content=\"article\" \/>\n<meta property=\"og:title\" content=\"Forschungsprojekte EU - Atres Intralogistics\" \/>\n<meta property=\"og:description\" content=\"EU Forschungsprojekte von Atres Intralogistics im Bereich der innerbetrieblichen Transportoptimierung.\" \/>\n<meta property=\"og:url\" content=\"https:\/\/atres.pl\/de\/forschungsprojekte-eu\/\" \/>\n<meta property=\"og:site_name\" content=\"Atres Intralogistics\" \/>\n<meta property=\"article:modified_time\" content=\"2025-08-20T18:11:36+00:00\" \/>\n<meta property=\"og:image\" content=\"https:\/\/atres.pl\/wp-content\/uploads\/2022\/07\/Projekt-NCBiR-Atres.png\" \/>\n\t<meta property=\"og:image:width\" content=\"7144\" \/>\n\t<meta property=\"og:image:height\" content=\"756\" \/>\n\t<meta property=\"og:image:type\" content=\"image\/png\" \/>\n<meta name=\"twitter:card\" content=\"summary_large_image\" \/>\n<script type=\"application\/ld+json\" class=\"yoast-schema-graph\">{\"@context\":\"https:\/\/schema.org\",\"@graph\":[{\"@type\":\"WebPage\",\"@id\":\"https:\/\/atres.pl\/de\/forschungsprojekte-eu\/\",\"url\":\"https:\/\/atres.pl\/de\/forschungsprojekte-eu\/\",\"name\":\"Forschungsprojekte EU - Atres Intralogistics\",\"isPartOf\":{\"@id\":\"https:\/\/atres.pl\/de\/#website\"},\"primaryImageOfPage\":{\"@id\":\"https:\/\/atres.pl\/de\/forschungsprojekte-eu\/#primaryimage\"},\"image\":{\"@id\":\"https:\/\/atres.pl\/de\/forschungsprojekte-eu\/#primaryimage\"},\"thumbnailUrl\":\"https:\/\/atres.pl\/wp-content\/uploads\/2022\/07\/Projekt-NCBiR-Atres-1024x108.png\",\"datePublished\":\"2022-04-24T19:08:42+00:00\",\"dateModified\":\"2025-08-20T18:11:36+00:00\",\"description\":\"EU Forschungsprojekte von Atres Intralogistics im Bereich der innerbetrieblichen Transportoptimierung.\",\"breadcrumb\":{\"@id\":\"https:\/\/atres.pl\/de\/forschungsprojekte-eu\/#breadcrumb\"},\"inLanguage\":\"de-DE\",\"potentialAction\":[{\"@type\":\"ReadAction\",\"target\":[\"https:\/\/atres.pl\/de\/forschungsprojekte-eu\/\"]}]},{\"@type\":\"ImageObject\",\"inLanguage\":\"de-DE\",\"@id\":\"https:\/\/atres.pl\/de\/forschungsprojekte-eu\/#primaryimage\",\"url\":\"https:\/\/atres.pl\/wp-content\/uploads\/2022\/07\/Projekt-NCBiR-Atres-1024x108.png\",\"contentUrl\":\"https:\/\/atres.pl\/wp-content\/uploads\/2022\/07\/Projekt-NCBiR-Atres-1024x108.png\"},{\"@type\":\"BreadcrumbList\",\"@id\":\"https:\/\/atres.pl\/de\/forschungsprojekte-eu\/#breadcrumb\",\"itemListElement\":[{\"@type\":\"ListItem\",\"position\":1,\"name\":\"Startseite\",\"item\":\"https:\/\/atres.pl\/de\/\"},{\"@type\":\"ListItem\",\"position\":2,\"name\":\"Forschungsprojekte EU\"}]},{\"@type\":\"WebSite\",\"@id\":\"https:\/\/atres.pl\/de\/#website\",\"url\":\"https:\/\/atres.pl\/de\/\",\"name\":\"Atres Intralogistics\",\"description\":\"Systemy i poci\u0105gi intralogistyczne\",\"publisher\":{\"@id\":\"https:\/\/atres.pl\/de\/#organization\"},\"potentialAction\":[{\"@type\":\"SearchAction\",\"target\":{\"@type\":\"EntryPoint\",\"urlTemplate\":\"https:\/\/atres.pl\/de\/?s={search_term_string}\"},\"query-input\":{\"@type\":\"PropertyValueSpecification\",\"valueRequired\":true,\"valueName\":\"search_term_string\"}}],\"inLanguage\":\"de-DE\"},{\"@type\":\"Organization\",\"@id\":\"https:\/\/atres.pl\/de\/#organization\",\"name\":\"Atres Intralogistics\",\"url\":\"https:\/\/atres.pl\/de\/\",\"logo\":{\"@type\":\"ImageObject\",\"inLanguage\":\"de-DE\",\"@id\":\"https:\/\/atres.pl\/de\/#\/schema\/logo\/image\/\",\"url\":\"https:\/\/atres.pl\/wp-content\/uploads\/2022\/09\/Logo-Atres_R-e1663846882978.png\",\"contentUrl\":\"https:\/\/atres.pl\/wp-content\/uploads\/2022\/09\/Logo-Atres_R-e1663846882978.png\",\"width\":800,\"height\":327,\"caption\":\"Atres Intralogistics\"},\"image\":{\"@id\":\"https:\/\/atres.pl\/de\/#\/schema\/logo\/image\/\"}}]}<\/script>\n<!-- \/ Yoast SEO plugin. -->","yoast_head_json":{"title":"Forschungsprojekte EU - Atres Intralogistics","description":"EU Forschungsprojekte von Atres Intralogistics im Bereich der innerbetrieblichen Transportoptimierung.","robots":{"index":"index","follow":"follow","max-snippet":"max-snippet:-1","max-image-preview":"max-image-preview:large","max-video-preview":"max-video-preview:-1"},"canonical":"https:\/\/atres.pl\/de\/forschungsprojekte-eu\/","og_locale":"de_DE","og_type":"article","og_title":"Forschungsprojekte EU - Atres Intralogistics","og_description":"EU Forschungsprojekte von Atres Intralogistics im Bereich der innerbetrieblichen Transportoptimierung.","og_url":"https:\/\/atres.pl\/de\/forschungsprojekte-eu\/","og_site_name":"Atres Intralogistics","article_modified_time":"2025-08-20T18:11:36+00:00","og_image":[{"width":7144,"height":756,"url":"https:\/\/atres.pl\/wp-content\/uploads\/2022\/07\/Projekt-NCBiR-Atres.png","type":"image\/png"}],"twitter_card":"summary_large_image","schema":{"@context":"https:\/\/schema.org","@graph":[{"@type":"WebPage","@id":"https:\/\/atres.pl\/de\/forschungsprojekte-eu\/","url":"https:\/\/atres.pl\/de\/forschungsprojekte-eu\/","name":"Forschungsprojekte EU - Atres Intralogistics","isPartOf":{"@id":"https:\/\/atres.pl\/de\/#website"},"primaryImageOfPage":{"@id":"https:\/\/atres.pl\/de\/forschungsprojekte-eu\/#primaryimage"},"image":{"@id":"https:\/\/atres.pl\/de\/forschungsprojekte-eu\/#primaryimage"},"thumbnailUrl":"https:\/\/atres.pl\/wp-content\/uploads\/2022\/07\/Projekt-NCBiR-Atres-1024x108.png","datePublished":"2022-04-24T19:08:42+00:00","dateModified":"2025-08-20T18:11:36+00:00","description":"EU Forschungsprojekte von Atres Intralogistics im Bereich der innerbetrieblichen Transportoptimierung.","breadcrumb":{"@id":"https:\/\/atres.pl\/de\/forschungsprojekte-eu\/#breadcrumb"},"inLanguage":"de-DE","potentialAction":[{"@type":"ReadAction","target":["https:\/\/atres.pl\/de\/forschungsprojekte-eu\/"]}]},{"@type":"ImageObject","inLanguage":"de-DE","@id":"https:\/\/atres.pl\/de\/forschungsprojekte-eu\/#primaryimage","url":"https:\/\/atres.pl\/wp-content\/uploads\/2022\/07\/Projekt-NCBiR-Atres-1024x108.png","contentUrl":"https:\/\/atres.pl\/wp-content\/uploads\/2022\/07\/Projekt-NCBiR-Atres-1024x108.png"},{"@type":"BreadcrumbList","@id":"https:\/\/atres.pl\/de\/forschungsprojekte-eu\/#breadcrumb","itemListElement":[{"@type":"ListItem","position":1,"name":"Startseite","item":"https:\/\/atres.pl\/de\/"},{"@type":"ListItem","position":2,"name":"Forschungsprojekte EU"}]},{"@type":"WebSite","@id":"https:\/\/atres.pl\/de\/#website","url":"https:\/\/atres.pl\/de\/","name":"Atres Intralogistics","description":"Systemy i poci\u0105gi intralogistyczne","publisher":{"@id":"https:\/\/atres.pl\/de\/#organization"},"potentialAction":[{"@type":"SearchAction","target":{"@type":"EntryPoint","urlTemplate":"https:\/\/atres.pl\/de\/?s={search_term_string}"},"query-input":{"@type":"PropertyValueSpecification","valueRequired":true,"valueName":"search_term_string"}}],"inLanguage":"de-DE"},{"@type":"Organization","@id":"https:\/\/atres.pl\/de\/#organization","name":"Atres Intralogistics","url":"https:\/\/atres.pl\/de\/","logo":{"@type":"ImageObject","inLanguage":"de-DE","@id":"https:\/\/atres.pl\/de\/#\/schema\/logo\/image\/","url":"https:\/\/atres.pl\/wp-content\/uploads\/2022\/09\/Logo-Atres_R-e1663846882978.png","contentUrl":"https:\/\/atres.pl\/wp-content\/uploads\/2022\/09\/Logo-Atres_R-e1663846882978.png","width":800,"height":327,"caption":"Atres Intralogistics"},"image":{"@id":"https:\/\/atres.pl\/de\/#\/schema\/logo\/image\/"}}]}},"_links":{"self":[{"href":"https:\/\/atres.pl\/de\/wp-json\/wp\/v2\/pages\/764"}],"collection":[{"href":"https:\/\/atres.pl\/de\/wp-json\/wp\/v2\/pages"}],"about":[{"href":"https:\/\/atres.pl\/de\/wp-json\/wp\/v2\/types\/page"}],"author":[{"embeddable":true,"href":"https:\/\/atres.pl\/de\/wp-json\/wp\/v2\/users\/2"}],"replies":[{"embeddable":true,"href":"https:\/\/atres.pl\/de\/wp-json\/wp\/v2\/comments?post=764"}],"version-history":[{"count":2,"href":"https:\/\/atres.pl\/de\/wp-json\/wp\/v2\/pages\/764\/revisions"}],"predecessor-version":[{"id":2247,"href":"https:\/\/atres.pl\/de\/wp-json\/wp\/v2\/pages\/764\/revisions\/2247"}],"wp:attachment":[{"href":"https:\/\/atres.pl\/de\/wp-json\/wp\/v2\/media?parent=764"}],"curies":[{"name":"wp","href":"https:\/\/api.w.org\/{rel}","templated":true}]}}