{"id":647,"date":"2022-04-04T06:58:36","date_gmt":"2022-04-04T04:58:36","guid":{"rendered":"https:\/\/atres.pl\/?page_id=647"},"modified":"2025-01-15T14:20:17","modified_gmt":"2025-01-15T13:20:17","slug":"strona-glowna","status":"publish","type":"page","link":"https:\/\/atres.pl\/de\/","title":{"rendered":"Atres Intralogistics"},"content":{"rendered":"","protected":false},"excerpt":{"rendered":"","protected":false},"author":2,"featured_media":1062,"parent":0,"menu_order":0,"comment_status":"closed","ping_status":"closed","template":"template-home.php","meta":{"_acf_changed":false,"footnotes":""},"class_list":["post-647","page","type-page","status-publish","has-post-thumbnail","hentry"],"acf":[],"yoast_head":"<!-- This site is optimized with the Yoast SEO plugin v25.6 - https:\/\/yoast.com\/wordpress\/plugins\/seo\/ -->\n<title>Atres Intralogistics | Ihr Partner | f\u00fcr Intralogistikl\u00f6sungen<\/title>\n<meta name=\"description\" content=\"Wir stellen f\u00fcr Sie moderne Intralogistikl\u00f6sungen her, die den neuesten Erkenntnissen und geltenden Standards im unternehmensinternen Transport entsprechen.\" \/>\n<meta name=\"robots\" content=\"index, follow, max-snippet:-1, max-image-preview:large, max-video-preview:-1\" \/>\n<link rel=\"canonical\" href=\"https:\/\/atres.pl\/de\/\" \/>\n<meta property=\"og:locale\" content=\"de_DE\" \/>\n<meta property=\"og:type\" content=\"article\" \/>\n<meta property=\"og:title\" content=\"Atres Intralogistics | Ihr Partner | f\u00fcr Intralogistikl\u00f6sungen\" \/>\n<meta property=\"og:description\" content=\"Wir stellen f\u00fcr Sie moderne Intralogistikl\u00f6sungen her, die den neuesten Erkenntnissen und geltenden Standards im unternehmensinternen Transport entsprechen.\" \/>\n<meta property=\"og:url\" content=\"https:\/\/atres.pl\/de\/\" \/>\n<meta property=\"og:site_name\" content=\"Atres Intralogistics\" \/>\n<meta property=\"article:modified_time\" content=\"2025-01-15T13:20:17+00:00\" \/>\n<meta property=\"og:image\" content=\"https:\/\/atres.pl\/wp-content\/uploads\/2022\/09\/Atres-Intralogistiksysteme.jpeg\" \/>\n\t<meta property=\"og:image:width\" content=\"1280\" \/>\n\t<meta property=\"og:image:height\" content=\"672\" \/>\n\t<meta property=\"og:image:type\" content=\"image\/jpeg\" \/>\n<meta name=\"twitter:card\" content=\"summary_large_image\" \/>\n<script type=\"application\/ld+json\" class=\"yoast-schema-graph\">{\"@context\":\"https:\/\/schema.org\",\"@graph\":[{\"@type\":\"WebPage\",\"@id\":\"https:\/\/atres.pl\/de\/\",\"url\":\"https:\/\/atres.pl\/de\/\",\"name\":\"Atres Intralogistics | Ihr Partner | f\u00fcr Intralogistikl\u00f6sungen\",\"isPartOf\":{\"@id\":\"https:\/\/atres.pl\/de\/#website\"},\"primaryImageOfPage\":{\"@id\":\"https:\/\/atres.pl\/de\/#primaryimage\"},\"image\":{\"@id\":\"https:\/\/atres.pl\/de\/#primaryimage\"},\"thumbnailUrl\":\"https:\/\/atres.pl\/wp-content\/uploads\/2022\/09\/Atres-Intralogistiksysteme.jpeg\",\"datePublished\":\"2022-04-04T04:58:36+00:00\",\"dateModified\":\"2025-01-15T13:20:17+00:00\",\"description\":\"Wir stellen f\u00fcr Sie moderne Intralogistikl\u00f6sungen her, die den neuesten Erkenntnissen und geltenden Standards im unternehmensinternen Transport entsprechen.\",\"breadcrumb\":{\"@id\":\"https:\/\/atres.pl\/de\/#breadcrumb\"},\"inLanguage\":\"de-DE\",\"potentialAction\":[{\"@type\":\"ReadAction\",\"target\":[\"https:\/\/atres.pl\/de\/\"]}]},{\"@type\":\"ImageObject\",\"inLanguage\":\"de-DE\",\"@id\":\"https:\/\/atres.pl\/de\/#primaryimage\",\"url\":\"https:\/\/atres.pl\/wp-content\/uploads\/2022\/09\/Atres-Intralogistiksysteme.jpeg\",\"contentUrl\":\"https:\/\/atres.pl\/wp-content\/uploads\/2022\/09\/Atres-Intralogistiksysteme.jpeg\",\"width\":1280,\"height\":672,\"caption\":\"Intralogistikz\u00fcge Atres\"},{\"@type\":\"BreadcrumbList\",\"@id\":\"https:\/\/atres.pl\/de\/#breadcrumb\",\"itemListElement\":[{\"@type\":\"ListItem\",\"position\":1,\"name\":\"Startseite\",\"item\":\"https:\/\/atres.pl\/de\/\"},{\"@type\":\"ListItem\",\"position\":2,\"name\":\"Atres Intralogistics\"}]},{\"@type\":\"WebSite\",\"@id\":\"https:\/\/atres.pl\/de\/#website\",\"url\":\"https:\/\/atres.pl\/de\/\",\"name\":\"Atres Intralogistics\",\"description\":\"Systemy i poci\u0105gi intralogistyczne\",\"publisher\":{\"@id\":\"https:\/\/atres.pl\/de\/#organization\"},\"potentialAction\":[{\"@type\":\"SearchAction\",\"target\":{\"@type\":\"EntryPoint\",\"urlTemplate\":\"https:\/\/atres.pl\/de\/?s={search_term_string}\"},\"query-input\":{\"@type\":\"PropertyValueSpecification\",\"valueRequired\":true,\"valueName\":\"search_term_string\"}}],\"inLanguage\":\"de-DE\"},{\"@type\":\"Organization\",\"@id\":\"https:\/\/atres.pl\/de\/#organization\",\"name\":\"Atres Intralogistics\",\"url\":\"https:\/\/atres.pl\/de\/\",\"logo\":{\"@type\":\"ImageObject\",\"inLanguage\":\"de-DE\",\"@id\":\"https:\/\/atres.pl\/de\/#\/schema\/logo\/image\/\",\"url\":\"https:\/\/atres.pl\/wp-content\/uploads\/2022\/09\/Logo-Atres_R-e1663846882978.png\",\"contentUrl\":\"https:\/\/atres.pl\/wp-content\/uploads\/2022\/09\/Logo-Atres_R-e1663846882978.png\",\"width\":800,\"height\":327,\"caption\":\"Atres Intralogistics\"},\"image\":{\"@id\":\"https:\/\/atres.pl\/de\/#\/schema\/logo\/image\/\"}}]}<\/script>\n<!-- \/ Yoast SEO plugin. -->","yoast_head_json":{"title":"Atres Intralogistics | Ihr Partner | f\u00fcr Intralogistikl\u00f6sungen","description":"Wir stellen f\u00fcr Sie moderne Intralogistikl\u00f6sungen her, die den neuesten Erkenntnissen und geltenden Standards im unternehmensinternen Transport entsprechen.","robots":{"index":"index","follow":"follow","max-snippet":"max-snippet:-1","max-image-preview":"max-image-preview:large","max-video-preview":"max-video-preview:-1"},"canonical":"https:\/\/atres.pl\/de\/","og_locale":"de_DE","og_type":"article","og_title":"Atres Intralogistics | Ihr Partner | f\u00fcr Intralogistikl\u00f6sungen","og_description":"Wir stellen f\u00fcr Sie moderne Intralogistikl\u00f6sungen her, die den neuesten Erkenntnissen und geltenden Standards im unternehmensinternen Transport entsprechen.","og_url":"https:\/\/atres.pl\/de\/","og_site_name":"Atres Intralogistics","article_modified_time":"2025-01-15T13:20:17+00:00","og_image":[{"width":1280,"height":672,"url":"https:\/\/atres.pl\/wp-content\/uploads\/2022\/09\/Atres-Intralogistiksysteme.jpeg","type":"image\/jpeg"}],"twitter_card":"summary_large_image","schema":{"@context":"https:\/\/schema.org","@graph":[{"@type":"WebPage","@id":"https:\/\/atres.pl\/de\/","url":"https:\/\/atres.pl\/de\/","name":"Atres Intralogistics | Ihr Partner | f\u00fcr Intralogistikl\u00f6sungen","isPartOf":{"@id":"https:\/\/atres.pl\/de\/#website"},"primaryImageOfPage":{"@id":"https:\/\/atres.pl\/de\/#primaryimage"},"image":{"@id":"https:\/\/atres.pl\/de\/#primaryimage"},"thumbnailUrl":"https:\/\/atres.pl\/wp-content\/uploads\/2022\/09\/Atres-Intralogistiksysteme.jpeg","datePublished":"2022-04-04T04:58:36+00:00","dateModified":"2025-01-15T13:20:17+00:00","description":"Wir stellen f\u00fcr Sie moderne Intralogistikl\u00f6sungen her, die den neuesten Erkenntnissen und geltenden Standards im unternehmensinternen Transport entsprechen.","breadcrumb":{"@id":"https:\/\/atres.pl\/de\/#breadcrumb"},"inLanguage":"de-DE","potentialAction":[{"@type":"ReadAction","target":["https:\/\/atres.pl\/de\/"]}]},{"@type":"ImageObject","inLanguage":"de-DE","@id":"https:\/\/atres.pl\/de\/#primaryimage","url":"https:\/\/atres.pl\/wp-content\/uploads\/2022\/09\/Atres-Intralogistiksysteme.jpeg","contentUrl":"https:\/\/atres.pl\/wp-content\/uploads\/2022\/09\/Atres-Intralogistiksysteme.jpeg","width":1280,"height":672,"caption":"Intralogistikz\u00fcge Atres"},{"@type":"BreadcrumbList","@id":"https:\/\/atres.pl\/de\/#breadcrumb","itemListElement":[{"@type":"ListItem","position":1,"name":"Startseite","item":"https:\/\/atres.pl\/de\/"},{"@type":"ListItem","position":2,"name":"Atres Intralogistics"}]},{"@type":"WebSite","@id":"https:\/\/atres.pl\/de\/#website","url":"https:\/\/atres.pl\/de\/","name":"Atres Intralogistics","description":"Systemy i poci\u0105gi intralogistyczne","publisher":{"@id":"https:\/\/atres.pl\/de\/#organization"},"potentialAction":[{"@type":"SearchAction","target":{"@type":"EntryPoint","urlTemplate":"https:\/\/atres.pl\/de\/?s={search_term_string}"},"query-input":{"@type":"PropertyValueSpecification","valueRequired":true,"valueName":"search_term_string"}}],"inLanguage":"de-DE"},{"@type":"Organization","@id":"https:\/\/atres.pl\/de\/#organization","name":"Atres Intralogistics","url":"https:\/\/atres.pl\/de\/","logo":{"@type":"ImageObject","inLanguage":"de-DE","@id":"https:\/\/atres.pl\/de\/#\/schema\/logo\/image\/","url":"https:\/\/atres.pl\/wp-content\/uploads\/2022\/09\/Logo-Atres_R-e1663846882978.png","contentUrl":"https:\/\/atres.pl\/wp-content\/uploads\/2022\/09\/Logo-Atres_R-e1663846882978.png","width":800,"height":327,"caption":"Atres Intralogistics"},"image":{"@id":"https:\/\/atres.pl\/de\/#\/schema\/logo\/image\/"}}]}},"_links":{"self":[{"href":"https:\/\/atres.pl\/de\/wp-json\/wp\/v2\/pages\/647"}],"collection":[{"href":"https:\/\/atres.pl\/de\/wp-json\/wp\/v2\/pages"}],"about":[{"href":"https:\/\/atres.pl\/de\/wp-json\/wp\/v2\/types\/page"}],"author":[{"embeddable":true,"href":"https:\/\/atres.pl\/de\/wp-json\/wp\/v2\/users\/2"}],"replies":[{"embeddable":true,"href":"https:\/\/atres.pl\/de\/wp-json\/wp\/v2\/comments?post=647"}],"version-history":[{"count":2,"href":"https:\/\/atres.pl\/de\/wp-json\/wp\/v2\/pages\/647\/revisions"}],"predecessor-version":[{"id":1792,"href":"https:\/\/atres.pl\/de\/wp-json\/wp\/v2\/pages\/647\/revisions\/1792"}],"wp:featuredmedia":[{"embeddable":true,"href":"https:\/\/atres.pl\/de\/wp-json\/wp\/v2\/media\/1062"}],"wp:attachment":[{"href":"https:\/\/atres.pl\/de\/wp-json\/wp\/v2\/media?parent=647"}],"curies":[{"name":"wp","href":"https:\/\/api.w.org\/{rel}","templated":true}]}}