{"id":616,"date":"2022-05-06T10:08:54","date_gmt":"2022-05-06T08:08:54","guid":{"rendered":"https:\/\/atres.pl\/?page_id=616"},"modified":"2025-08-20T16:41:40","modified_gmt":"2025-08-20T14:41:40","slug":"logabs","status":"publish","type":"page","link":"https:\/\/atres.pl\/de\/logabs\/","title":{"rendered":"LogABS"},"content":{"rendered":"<p><span class=\"TextRun SCXW234997346 BCX0\" lang=\"DE-DE\" xml:lang=\"DE-DE\" data-contrast=\"none\"><span class=\"NormalTextRun SCXW234997346 BCX0\" data-ccp-parastyle=\"Tekst tre\u015bci\" data-ccp-parastyle-defn=\"{&quot;ObjectId&quot;:&quot;6db64819-5048-4b7a-9ecf-98ba37084f4f|15&quot;,&quot;ClassId&quot;:1073872969,&quot;Properties&quot;:[469775450,&quot;Tekst tre\u015bci&quot;,201340122,&quot;2&quot;,134233614,&quot;true&quot;,469778129,&quot;Teksttreci0&quot;,335572020,&quot;1&quot;,469777841,&quot;Arial&quot;,469777842,&quot;Arial&quot;,469777843,&quot;Arial&quot;,469777844,&quot;Arial&quot;,469769226,&quot;Arial&quot;,335551500,&quot;0&quot;,268442635,&quot;22&quot;,335559740,&quot;377&quot;,201341983,&quot;0&quot;,134245417,&quot;false&quot;,469777929,&quot;Tekst tre\u015bci_&quot;,469778324,&quot;Normal&quot;]}\" data-ccp-parastyle-linked-defn=\"{&quot;ObjectId&quot;:&quot;6db64819-5048-4b7a-9ecf-98ba37084f4f|14&quot;,&quot;ClassId&quot;:1073872969,&quot;Properties&quot;:[469775450,&quot;Tekst tre\u015bci_&quot;,201340122,&quot;1&quot;,134233614,&quot;true&quot;,469778129,&quot;Teksttreci&quot;,335572020,&quot;1&quot;,134231262,&quot;true&quot;,134224900,&quot;false&quot;,134224901,&quot;false&quot;,134224903,&quot;false&quot;,201340374,&quot;0&quot;,134224902,&quot;false&quot;,201334293,&quot;17&quot;,469777841,&quot;Arial&quot;,469777842,&quot;Arial&quot;,469777843,&quot;Arial&quot;,469777844,&quot;Arial&quot;,469769226,&quot;Arial&quot;,335557856,&quot;4278190080&quot;,268442635,&quot;22&quot;,469777929,&quot;Tekst tre\u015bci&quot;,469778324,&quot;Default Paragraph Font&quot;]}\">Wir nutzen das revolution\u00e4re Tool LogABS, um intralogistische Prozesse f\u00fcr unsere Kunden zu entwerfen. Es handelt sich um eine 3D-Simulationssoftware, mit der Sie ein reales r\u00e4umliches Layout einer Fabrik oder eines Lagers erstellen und dann ein Zugsystem <\/span><span class=\"NormalTextRun SCXW234997346 BCX0\" data-ccp-parastyle=\"Tekst tre\u015bci\">basierend auf dem Lean-Konzept implementieren k\u00f6nnen. Dadurch k\u00f6nnen wir den gesamten Lieferprozess genau planen, rationale Entscheidungen treffen<\/span><span class=\"NormalTextRun SCXW234997346 BCX0\" data-ccp-parastyle=\"Tekst tre\u015bci\">,<\/span><span class=\"NormalTextRun SCXW234997346 BCX0\" data-ccp-parastyle=\"Tekst tre\u015bci\"> indem wir die Fabrik modellieren, um Ihnen den gr\u00f6\u00dften Nutzen zu bieten.<\/span><\/span><span class=\"EOP SCXW234997346 BCX0\" data-ccp-props=\"{&quot;201341983&quot;:0,&quot;335559739&quot;:760,&quot;335559740&quot;:377}\">\u00a0<\/span><\/p>\n","protected":false},"excerpt":{"rendered":"<p>Wir nutzen das revolution\u00e4re Tool LogABS, um intralogistische Prozesse f\u00fcr unsere Kunden zu entwerfen. Es handelt sich um eine 3D-Simulationssoftware, mit der Sie ein reales r\u00e4umliches Layout einer Fabrik oder eines Lagers erstellen und dann ein Zugsystem basierend auf dem Lean-Konzept implementieren k\u00f6nnen. Dadurch k\u00f6nnen wir den gesamten Lieferprozess genau planen, rationale Entscheidungen treffen, indem [&hellip;]<\/p>\n","protected":false},"author":2,"featured_media":0,"parent":0,"menu_order":0,"comment_status":"closed","ping_status":"closed","template":"template-logabs.php","meta":{"_acf_changed":false,"footnotes":""},"class_list":["post-616","page","type-page","status-publish","hentry"],"acf":[],"yoast_head":"<!-- This site is optimized with the Yoast SEO plugin v25.6 - https:\/\/yoast.com\/wordpress\/plugins\/seo\/ -->\n<title>LogABS 3D-Simulationssoftware f\u00fcr die Planung der Fabrik<\/title>\n<meta name=\"description\" content=\"Ein Intralogistiksystem, dass bis ins Detail durchdacht ist. LogABS: 3D-Simulationssoftware f\u00fcr die Planung und Neugestaltung der Fabrik.\" \/>\n<meta name=\"robots\" content=\"index, follow, max-snippet:-1, max-image-preview:large, max-video-preview:-1\" \/>\n<link rel=\"canonical\" href=\"https:\/\/atres.pl\/de\/logabs\/\" \/>\n<meta property=\"og:locale\" content=\"de_DE\" \/>\n<meta property=\"og:type\" content=\"article\" \/>\n<meta property=\"og:title\" content=\"LogABS 3D-Simulationssoftware f\u00fcr die Planung der Fabrik\" \/>\n<meta property=\"og:description\" content=\"Ein Intralogistiksystem, dass bis ins Detail durchdacht ist. LogABS: 3D-Simulationssoftware f\u00fcr die Planung und Neugestaltung der Fabrik.\" \/>\n<meta property=\"og:url\" content=\"https:\/\/atres.pl\/de\/logabs\/\" \/>\n<meta property=\"og:site_name\" content=\"Atres Intralogistics\" \/>\n<meta property=\"article:modified_time\" content=\"2025-08-20T14:41:40+00:00\" \/>\n<meta name=\"twitter:card\" content=\"summary_large_image\" \/>\n<script type=\"application\/ld+json\" class=\"yoast-schema-graph\">{\"@context\":\"https:\/\/schema.org\",\"@graph\":[{\"@type\":\"WebPage\",\"@id\":\"https:\/\/atres.pl\/de\/logabs\/\",\"url\":\"https:\/\/atres.pl\/de\/logabs\/\",\"name\":\"LogABS 3D-Simulationssoftware f\u00fcr die Planung der Fabrik\",\"isPartOf\":{\"@id\":\"https:\/\/atres.pl\/de\/#website\"},\"datePublished\":\"2022-05-06T08:08:54+00:00\",\"dateModified\":\"2025-08-20T14:41:40+00:00\",\"description\":\"Ein Intralogistiksystem, dass bis ins Detail durchdacht ist. LogABS: 3D-Simulationssoftware f\u00fcr die Planung und Neugestaltung der Fabrik.\",\"breadcrumb\":{\"@id\":\"https:\/\/atres.pl\/de\/logabs\/#breadcrumb\"},\"inLanguage\":\"de-DE\",\"potentialAction\":[{\"@type\":\"ReadAction\",\"target\":[\"https:\/\/atres.pl\/de\/logabs\/\"]}]},{\"@type\":\"BreadcrumbList\",\"@id\":\"https:\/\/atres.pl\/de\/logabs\/#breadcrumb\",\"itemListElement\":[{\"@type\":\"ListItem\",\"position\":1,\"name\":\"Startseite\",\"item\":\"https:\/\/atres.pl\/de\/\"},{\"@type\":\"ListItem\",\"position\":2,\"name\":\"LogABS\"}]},{\"@type\":\"WebSite\",\"@id\":\"https:\/\/atres.pl\/de\/#website\",\"url\":\"https:\/\/atres.pl\/de\/\",\"name\":\"Atres Intralogistics\",\"description\":\"Systemy i poci\u0105gi intralogistyczne\",\"publisher\":{\"@id\":\"https:\/\/atres.pl\/de\/#organization\"},\"potentialAction\":[{\"@type\":\"SearchAction\",\"target\":{\"@type\":\"EntryPoint\",\"urlTemplate\":\"https:\/\/atres.pl\/de\/?s={search_term_string}\"},\"query-input\":{\"@type\":\"PropertyValueSpecification\",\"valueRequired\":true,\"valueName\":\"search_term_string\"}}],\"inLanguage\":\"de-DE\"},{\"@type\":\"Organization\",\"@id\":\"https:\/\/atres.pl\/de\/#organization\",\"name\":\"Atres Intralogistics\",\"url\":\"https:\/\/atres.pl\/de\/\",\"logo\":{\"@type\":\"ImageObject\",\"inLanguage\":\"de-DE\",\"@id\":\"https:\/\/atres.pl\/de\/#\/schema\/logo\/image\/\",\"url\":\"https:\/\/atres.pl\/wp-content\/uploads\/2022\/09\/Logo-Atres_R-e1663846882978.png\",\"contentUrl\":\"https:\/\/atres.pl\/wp-content\/uploads\/2022\/09\/Logo-Atres_R-e1663846882978.png\",\"width\":800,\"height\":327,\"caption\":\"Atres Intralogistics\"},\"image\":{\"@id\":\"https:\/\/atres.pl\/de\/#\/schema\/logo\/image\/\"}}]}<\/script>\n<!-- \/ Yoast SEO plugin. -->","yoast_head_json":{"title":"LogABS 3D-Simulationssoftware f\u00fcr die Planung der Fabrik","description":"Ein Intralogistiksystem, dass bis ins Detail durchdacht ist. LogABS: 3D-Simulationssoftware f\u00fcr die Planung und Neugestaltung der Fabrik.","robots":{"index":"index","follow":"follow","max-snippet":"max-snippet:-1","max-image-preview":"max-image-preview:large","max-video-preview":"max-video-preview:-1"},"canonical":"https:\/\/atres.pl\/de\/logabs\/","og_locale":"de_DE","og_type":"article","og_title":"LogABS 3D-Simulationssoftware f\u00fcr die Planung der Fabrik","og_description":"Ein Intralogistiksystem, dass bis ins Detail durchdacht ist. LogABS: 3D-Simulationssoftware f\u00fcr die Planung und Neugestaltung der Fabrik.","og_url":"https:\/\/atres.pl\/de\/logabs\/","og_site_name":"Atres Intralogistics","article_modified_time":"2025-08-20T14:41:40+00:00","twitter_card":"summary_large_image","schema":{"@context":"https:\/\/schema.org","@graph":[{"@type":"WebPage","@id":"https:\/\/atres.pl\/de\/logabs\/","url":"https:\/\/atres.pl\/de\/logabs\/","name":"LogABS 3D-Simulationssoftware f\u00fcr die Planung der Fabrik","isPartOf":{"@id":"https:\/\/atres.pl\/de\/#website"},"datePublished":"2022-05-06T08:08:54+00:00","dateModified":"2025-08-20T14:41:40+00:00","description":"Ein Intralogistiksystem, dass bis ins Detail durchdacht ist. LogABS: 3D-Simulationssoftware f\u00fcr die Planung und Neugestaltung der Fabrik.","breadcrumb":{"@id":"https:\/\/atres.pl\/de\/logabs\/#breadcrumb"},"inLanguage":"de-DE","potentialAction":[{"@type":"ReadAction","target":["https:\/\/atres.pl\/de\/logabs\/"]}]},{"@type":"BreadcrumbList","@id":"https:\/\/atres.pl\/de\/logabs\/#breadcrumb","itemListElement":[{"@type":"ListItem","position":1,"name":"Startseite","item":"https:\/\/atres.pl\/de\/"},{"@type":"ListItem","position":2,"name":"LogABS"}]},{"@type":"WebSite","@id":"https:\/\/atres.pl\/de\/#website","url":"https:\/\/atres.pl\/de\/","name":"Atres Intralogistics","description":"Systemy i poci\u0105gi intralogistyczne","publisher":{"@id":"https:\/\/atres.pl\/de\/#organization"},"potentialAction":[{"@type":"SearchAction","target":{"@type":"EntryPoint","urlTemplate":"https:\/\/atres.pl\/de\/?s={search_term_string}"},"query-input":{"@type":"PropertyValueSpecification","valueRequired":true,"valueName":"search_term_string"}}],"inLanguage":"de-DE"},{"@type":"Organization","@id":"https:\/\/atres.pl\/de\/#organization","name":"Atres Intralogistics","url":"https:\/\/atres.pl\/de\/","logo":{"@type":"ImageObject","inLanguage":"de-DE","@id":"https:\/\/atres.pl\/de\/#\/schema\/logo\/image\/","url":"https:\/\/atres.pl\/wp-content\/uploads\/2022\/09\/Logo-Atres_R-e1663846882978.png","contentUrl":"https:\/\/atres.pl\/wp-content\/uploads\/2022\/09\/Logo-Atres_R-e1663846882978.png","width":800,"height":327,"caption":"Atres Intralogistics"},"image":{"@id":"https:\/\/atres.pl\/de\/#\/schema\/logo\/image\/"}}]}},"_links":{"self":[{"href":"https:\/\/atres.pl\/de\/wp-json\/wp\/v2\/pages\/616"}],"collection":[{"href":"https:\/\/atres.pl\/de\/wp-json\/wp\/v2\/pages"}],"about":[{"href":"https:\/\/atres.pl\/de\/wp-json\/wp\/v2\/types\/page"}],"author":[{"embeddable":true,"href":"https:\/\/atres.pl\/de\/wp-json\/wp\/v2\/users\/2"}],"replies":[{"embeddable":true,"href":"https:\/\/atres.pl\/de\/wp-json\/wp\/v2\/comments?post=616"}],"version-history":[{"count":4,"href":"https:\/\/atres.pl\/de\/wp-json\/wp\/v2\/pages\/616\/revisions"}],"predecessor-version":[{"id":2242,"href":"https:\/\/atres.pl\/de\/wp-json\/wp\/v2\/pages\/616\/revisions\/2242"}],"wp:attachment":[{"href":"https:\/\/atres.pl\/de\/wp-json\/wp\/v2\/media?parent=616"}],"curies":[{"name":"wp","href":"https:\/\/api.w.org\/{rel}","templated":true}]}}