{"id":611,"date":"2022-04-22T08:57:33","date_gmt":"2022-04-22T06:57:33","guid":{"rendered":"https:\/\/atres.pl\/?page_id=611"},"modified":"2025-08-20T20:14:08","modified_gmt":"2025-08-20T18:14:08","slug":"kontakt","status":"publish","type":"page","link":"https:\/\/atres.pl\/de\/kontakt\/","title":{"rendered":"Kontakt"},"content":{"rendered":"<p><span class=\"TextRun SCXW239188460 BCX0\" lang=\"DE-DE\" xml:lang=\"DE-DE\" data-contrast=\"none\"><span class=\"NormalTextRun SCXW239188460 BCX0\" data-ccp-parastyle=\"Tekst tre\u015bci\" data-ccp-parastyle-defn=\"{&quot;ObjectId&quot;:&quot;fedd85e2-7281-46ea-a561-258bdb37ba2a|6&quot;,&quot;ClassId&quot;:1073872969,&quot;Properties&quot;:[469775450,&quot;Tekst tre\u015bci&quot;,201340122,&quot;2&quot;,134233614,&quot;true&quot;,469778129,&quot;Teksttreci0&quot;,335572020,&quot;1&quot;,469777841,&quot;Arial&quot;,469777842,&quot;Arial&quot;,469777843,&quot;Arial&quot;,469777844,&quot;Arial&quot;,469769226,&quot;Arial&quot;,335551500,&quot;0&quot;,268442635,&quot;22&quot;,335559740,&quot;382&quot;,201341983,&quot;0&quot;,335559739,&quot;340&quot;,134245417,&quot;false&quot;,469777929,&quot;Tekst tre\u015bci_&quot;,469778324,&quot;Normal&quot;]}\" data-ccp-parastyle-linked-defn=\"{&quot;ObjectId&quot;:&quot;fedd85e2-7281-46ea-a561-258bdb37ba2a|5&quot;,&quot;ClassId&quot;:1073872969,&quot;Properties&quot;:[469775450,&quot;Tekst tre\u015bci_&quot;,201340122,&quot;1&quot;,134233614,&quot;true&quot;,469778129,&quot;Teksttreci&quot;,335572020,&quot;1&quot;,134231262,&quot;true&quot;,134224900,&quot;false&quot;,134224901,&quot;false&quot;,134224903,&quot;false&quot;,201340374,&quot;0&quot;,134224902,&quot;false&quot;,201334293,&quot;17&quot;,469777841,&quot;Arial&quot;,469777842,&quot;Arial&quot;,469777843,&quot;Arial&quot;,469777844,&quot;Arial&quot;,469769226,&quot;Arial&quot;,335557856,&quot;4278190080&quot;,268442635,&quot;22&quot;,469777929,&quot;Tekst tre\u015bci&quot;,469778324,&quot;Default Paragraph Font&quot;]}\">Wenn Sie die M\u00f6glichkeiten zur Modernisierung des Intralogistiksystems in Ihrem Unternehmen besprechen m\u00f6chten, f\u00fcllen Sie bitte unser Formular aus. Wir sagen Ihnen, was wir tun k\u00f6nnen, um die Betriebskosten Ihres Unternehmens zu senken<\/span><\/span><\/p>\n<p class=\"separator\">&nbsp;<\/p>\n\n<div class=\"wpcf7 no-js\" id=\"wpcf7-f189-o1\" lang=\"de-DE\" dir=\"ltr\">\n<div class=\"screen-reader-response\"><p role=\"status\" aria-live=\"polite\" aria-atomic=\"true\"><\/p> <ul><\/ul><\/div>\n<form action=\"\/de\/wp-json\/wp\/v2\/pages\/611#wpcf7-f189-o1\" method=\"post\" class=\"wpcf7-form init\" aria-label=\"Kontaktformular\" novalidate=\"novalidate\" data-status=\"init\">\n<div style=\"display: none;\">\n<input type=\"hidden\" name=\"_wpcf7\" value=\"189\" \/>\n<input type=\"hidden\" name=\"_wpcf7_version\" value=\"5.9.8\" \/>\n<input type=\"hidden\" name=\"_wpcf7_locale\" value=\"de_DE\" \/>\n<input type=\"hidden\" name=\"_wpcf7_unit_tag\" value=\"wpcf7-f189-o1\" \/>\n<input type=\"hidden\" name=\"_wpcf7_container_post\" value=\"0\" \/>\n<input type=\"hidden\" name=\"_wpcf7_posted_data_hash\" value=\"\" \/>\n<input type=\"hidden\" name=\"_wpcf7_recaptcha_response\" value=\"\" \/>\n<\/div>\n<div class=\"form-field-column half required\" data-validation-tip=\"wymagane\">\n\t<p><label for=\"your-name\">Name<\/label><br \/>\n<span class=\"wpcf7-form-control-wrap\" data-name=\"your-name\"><input size=\"40\" maxlength=\"400\" class=\"wpcf7-form-control wpcf7-text wpcf7-validates-as-required\" id=\"your-name\" aria-required=\"true\" aria-invalid=\"false\" placeholder=\"Name\" value=\"\" type=\"text\" name=\"your-name\" \/><\/span>\n\t<\/p>\n<\/div>\n<div class=\"form-field-column half right required\" data-validation-tip=\"wymagane\">\n\t<p><label for=\"your-company\">Unternehmen<\/label><br \/>\n<span class=\"wpcf7-form-control-wrap\" data-name=\"your-company\"><input size=\"40\" maxlength=\"400\" class=\"wpcf7-form-control wpcf7-text wpcf7-validates-as-required\" id=\"your-company\" aria-required=\"true\" aria-invalid=\"false\" placeholder=\"Unternehmen\" value=\"\" type=\"text\" name=\"your-company\" \/><\/span>\n\t<\/p>\n<\/div>\n<div class=\"form-field-column half required\" data-validation-tip=\"wymagane\">\n\t<p><label for=\"your-email\">E-Mail<\/label><br \/>\n<span class=\"wpcf7-form-control-wrap\" data-name=\"your-email\"><input size=\"40\" maxlength=\"400\" class=\"wpcf7-form-control wpcf7-email wpcf7-validates-as-required wpcf7-text wpcf7-validates-as-email\" id=\"your-email\" aria-required=\"true\" aria-invalid=\"false\" placeholder=\"E-Mail\" value=\"\" type=\"email\" name=\"your-email\" \/><\/span>\n\t<\/p>\n<\/div>\n<div class=\"form-field-column half right required\" data-validation-tip=\"wymagane\">\n\t<p><label for=\"your-phone\">Telefon<\/label><br \/>\n<span class=\"wpcf7-form-control-wrap\" data-name=\"your-phone\"><input size=\"40\" maxlength=\"400\" class=\"wpcf7-form-control wpcf7-tel wpcf7-validates-as-required wpcf7-text wpcf7-validates-as-tel\" id=\"your-phone\" aria-required=\"true\" aria-invalid=\"false\" placeholder=\"Telefon\" value=\"\" type=\"tel\" name=\"your-phone\" \/><\/span>\n\t<\/p>\n<\/div>\n<div class=\"form-field-column full required\" data-validation-tip=\"wymagane\">\n\t<p><label for=\"your-message\">Nachricht<\/label><br \/>\n<span class=\"wpcf7-form-control-wrap\" data-name=\"your-message\"><textarea cols=\"40\" rows=\"1\" maxlength=\"2000\" class=\"wpcf7-form-control wpcf7-textarea wpcf7-validates-as-required\" id=\"your-message\" aria-required=\"true\" aria-invalid=\"false\" placeholder=\"Nachricht\" name=\"your-message\"><\/textarea><\/span>\n\t<\/p>\n<\/div>\n<div class=\"form-bottom\">\n\t<p><span class=\"wpcf7-form-control-wrap\" data-name=\"form-acceptance\"><span class=\"wpcf7-form-control wpcf7-acceptance\"><span class=\"wpcf7-list-item\"><label><input type=\"checkbox\" name=\"form-acceptance\" value=\"1\" class=\"form-terms\" aria-invalid=\"false\" \/><span class=\"wpcf7-list-item-label\">Hiermit erkl\u00e4re ich mich mit der Verwendung meiner pers\u00f6nlichen Daten entsprechend der <a href=\"#\">Datenschutzinfos<\/a> einverstanden.<\/span><\/label><\/span><\/span><\/span><br \/>\n<button type=\"submit\" class=\"wpcf7-form-control wpcf7-submit\">Senden<\/button>\n\t<\/p>\n<\/div><div class=\"wpcf7-response-output\" aria-hidden=\"true\"><\/div>\n<\/form>\n<\/div>\n\n<p class=\"separator\">&nbsp;<\/p>\n<p><iframe style=\"border: 0; width: 100%; height: 450px;\" src=\"https:\/\/www.google.com\/maps\/embed?pb=!1m18!1m12!1m3!1d2433.898199047439!2d17.010558999999997!3d52.408521199999996!2m3!1f0!2f0!3f0!3m2!1i1024!2i768!4f13.1!3m3!1m2!1s0x47045aefd523ce67%3A0x3b71cf2f9f6a5717!2sAtres%20Intralogistics%20Sp.%20z%20o.o.!5e0!3m2!1spl!2spl!4v1724658456486!5m2!1spl!2spl\" allowfullscreen=\"allowfullscreen\"><span data-mce-type=\"bookmark\" style=\"display: inline-block; width: 0px; overflow: hidden; line-height: 0;\" class=\"mce_SELRES_start\">\ufeff<\/span><\/iframe><\/p>\n","protected":false},"excerpt":{"rendered":"<p>Wenn Sie die M\u00f6glichkeiten zur Modernisierung des Intralogistiksystems in Ihrem Unternehmen besprechen m\u00f6chten, f\u00fcllen Sie bitte unser Formular aus. Wir sagen Ihnen, was wir tun k\u00f6nnen, um die Betriebskosten Ihres Unternehmens zu senken &nbsp; &nbsp; \ufeff<\/p>\n","protected":false},"author":2,"featured_media":1183,"parent":0,"menu_order":0,"comment_status":"closed","ping_status":"closed","template":"template-contact.php","meta":{"_acf_changed":false,"footnotes":""},"class_list":["post-611","page","type-page","status-publish","has-post-thumbnail","hentry"],"acf":[],"yoast_head":"<!-- This site is optimized with the Yoast SEO plugin v25.6 - https:\/\/yoast.com\/wordpress\/plugins\/seo\/ -->\n<title>Kontakt - Atres Intralogistics<\/title>\n<meta name=\"description\" content=\"Kontaktieren Sie Atres Intralogistics. Wir entwickeln moderne Intralogistiksysteme. Wir laden Sie ein, \u00fcber die Optimierung des Transports in Ihrem Werk zu sprechen.\" \/>\n<meta name=\"robots\" content=\"index, follow, max-snippet:-1, max-image-preview:large, max-video-preview:-1\" \/>\n<link rel=\"canonical\" href=\"https:\/\/atres.pl\/de\/kontakt\/\" \/>\n<meta property=\"og:locale\" content=\"de_DE\" \/>\n<meta property=\"og:type\" content=\"article\" \/>\n<meta property=\"og:title\" content=\"Kontakt - Atres Intralogistics\" \/>\n<meta property=\"og:description\" content=\"Kontaktieren Sie Atres Intralogistics. Wir entwickeln moderne Intralogistiksysteme. Wir laden Sie ein, \u00fcber die Optimierung des Transports in Ihrem Werk zu sprechen.\" \/>\n<meta property=\"og:url\" content=\"https:\/\/atres.pl\/de\/kontakt\/\" \/>\n<meta property=\"og:site_name\" content=\"Atres Intralogistics\" \/>\n<meta property=\"article:modified_time\" content=\"2025-08-20T18:14:08+00:00\" \/>\n<meta property=\"og:image\" content=\"https:\/\/atres.pl\/wp-content\/uploads\/2022\/12\/kontakt-Atres.png\" \/>\n\t<meta property=\"og:image:width\" content=\"672\" \/>\n\t<meta property=\"og:image:height\" content=\"672\" \/>\n\t<meta property=\"og:image:type\" content=\"image\/png\" \/>\n<meta name=\"twitter:card\" content=\"summary_large_image\" \/>\n<script type=\"application\/ld+json\" class=\"yoast-schema-graph\">{\"@context\":\"https:\/\/schema.org\",\"@graph\":[{\"@type\":\"WebPage\",\"@id\":\"https:\/\/atres.pl\/de\/kontakt\/\",\"url\":\"https:\/\/atres.pl\/de\/kontakt\/\",\"name\":\"Kontakt - Atres Intralogistics\",\"isPartOf\":{\"@id\":\"https:\/\/atres.pl\/de\/#website\"},\"primaryImageOfPage\":{\"@id\":\"https:\/\/atres.pl\/de\/kontakt\/#primaryimage\"},\"image\":{\"@id\":\"https:\/\/atres.pl\/de\/kontakt\/#primaryimage\"},\"thumbnailUrl\":\"https:\/\/atres.pl\/wp-content\/uploads\/2022\/12\/kontakt-Atres.png\",\"datePublished\":\"2022-04-22T06:57:33+00:00\",\"dateModified\":\"2025-08-20T18:14:08+00:00\",\"description\":\"Kontaktieren Sie Atres Intralogistics. Wir entwickeln moderne Intralogistiksysteme. Wir laden Sie ein, \u00fcber die Optimierung des Transports in Ihrem Werk zu sprechen.\",\"breadcrumb\":{\"@id\":\"https:\/\/atres.pl\/de\/kontakt\/#breadcrumb\"},\"inLanguage\":\"de-DE\",\"potentialAction\":[{\"@type\":\"ReadAction\",\"target\":[\"https:\/\/atres.pl\/de\/kontakt\/\"]}]},{\"@type\":\"ImageObject\",\"inLanguage\":\"de-DE\",\"@id\":\"https:\/\/atres.pl\/de\/kontakt\/#primaryimage\",\"url\":\"https:\/\/atres.pl\/wp-content\/uploads\/2022\/12\/kontakt-Atres.png\",\"contentUrl\":\"https:\/\/atres.pl\/wp-content\/uploads\/2022\/12\/kontakt-Atres.png\",\"width\":672,\"height\":672,\"caption\":\"Atres Intralogistics kontakt impressum\"},{\"@type\":\"BreadcrumbList\",\"@id\":\"https:\/\/atres.pl\/de\/kontakt\/#breadcrumb\",\"itemListElement\":[{\"@type\":\"ListItem\",\"position\":1,\"name\":\"Startseite\",\"item\":\"https:\/\/atres.pl\/de\/\"},{\"@type\":\"ListItem\",\"position\":2,\"name\":\"Kontakt\"}]},{\"@type\":\"WebSite\",\"@id\":\"https:\/\/atres.pl\/de\/#website\",\"url\":\"https:\/\/atres.pl\/de\/\",\"name\":\"Atres Intralogistics\",\"description\":\"Systemy i poci\u0105gi intralogistyczne\",\"publisher\":{\"@id\":\"https:\/\/atres.pl\/de\/#organization\"},\"potentialAction\":[{\"@type\":\"SearchAction\",\"target\":{\"@type\":\"EntryPoint\",\"urlTemplate\":\"https:\/\/atres.pl\/de\/?s={search_term_string}\"},\"query-input\":{\"@type\":\"PropertyValueSpecification\",\"valueRequired\":true,\"valueName\":\"search_term_string\"}}],\"inLanguage\":\"de-DE\"},{\"@type\":\"Organization\",\"@id\":\"https:\/\/atres.pl\/de\/#organization\",\"name\":\"Atres Intralogistics\",\"url\":\"https:\/\/atres.pl\/de\/\",\"logo\":{\"@type\":\"ImageObject\",\"inLanguage\":\"de-DE\",\"@id\":\"https:\/\/atres.pl\/de\/#\/schema\/logo\/image\/\",\"url\":\"https:\/\/atres.pl\/wp-content\/uploads\/2022\/09\/Logo-Atres_R-e1663846882978.png\",\"contentUrl\":\"https:\/\/atres.pl\/wp-content\/uploads\/2022\/09\/Logo-Atres_R-e1663846882978.png\",\"width\":800,\"height\":327,\"caption\":\"Atres Intralogistics\"},\"image\":{\"@id\":\"https:\/\/atres.pl\/de\/#\/schema\/logo\/image\/\"}}]}<\/script>\n<!-- \/ Yoast SEO plugin. -->","yoast_head_json":{"title":"Kontakt - Atres Intralogistics","description":"Kontaktieren Sie Atres Intralogistics. Wir entwickeln moderne Intralogistiksysteme. Wir laden Sie ein, \u00fcber die Optimierung des Transports in Ihrem Werk zu sprechen.","robots":{"index":"index","follow":"follow","max-snippet":"max-snippet:-1","max-image-preview":"max-image-preview:large","max-video-preview":"max-video-preview:-1"},"canonical":"https:\/\/atres.pl\/de\/kontakt\/","og_locale":"de_DE","og_type":"article","og_title":"Kontakt - Atres Intralogistics","og_description":"Kontaktieren Sie Atres Intralogistics. Wir entwickeln moderne Intralogistiksysteme. Wir laden Sie ein, \u00fcber die Optimierung des Transports in Ihrem Werk zu sprechen.","og_url":"https:\/\/atres.pl\/de\/kontakt\/","og_site_name":"Atres Intralogistics","article_modified_time":"2025-08-20T18:14:08+00:00","og_image":[{"width":672,"height":672,"url":"https:\/\/atres.pl\/wp-content\/uploads\/2022\/12\/kontakt-Atres.png","type":"image\/png"}],"twitter_card":"summary_large_image","schema":{"@context":"https:\/\/schema.org","@graph":[{"@type":"WebPage","@id":"https:\/\/atres.pl\/de\/kontakt\/","url":"https:\/\/atres.pl\/de\/kontakt\/","name":"Kontakt - Atres Intralogistics","isPartOf":{"@id":"https:\/\/atres.pl\/de\/#website"},"primaryImageOfPage":{"@id":"https:\/\/atres.pl\/de\/kontakt\/#primaryimage"},"image":{"@id":"https:\/\/atres.pl\/de\/kontakt\/#primaryimage"},"thumbnailUrl":"https:\/\/atres.pl\/wp-content\/uploads\/2022\/12\/kontakt-Atres.png","datePublished":"2022-04-22T06:57:33+00:00","dateModified":"2025-08-20T18:14:08+00:00","description":"Kontaktieren Sie Atres Intralogistics. Wir entwickeln moderne Intralogistiksysteme. Wir laden Sie ein, \u00fcber die Optimierung des Transports in Ihrem Werk zu sprechen.","breadcrumb":{"@id":"https:\/\/atres.pl\/de\/kontakt\/#breadcrumb"},"inLanguage":"de-DE","potentialAction":[{"@type":"ReadAction","target":["https:\/\/atres.pl\/de\/kontakt\/"]}]},{"@type":"ImageObject","inLanguage":"de-DE","@id":"https:\/\/atres.pl\/de\/kontakt\/#primaryimage","url":"https:\/\/atres.pl\/wp-content\/uploads\/2022\/12\/kontakt-Atres.png","contentUrl":"https:\/\/atres.pl\/wp-content\/uploads\/2022\/12\/kontakt-Atres.png","width":672,"height":672,"caption":"Atres Intralogistics kontakt impressum"},{"@type":"BreadcrumbList","@id":"https:\/\/atres.pl\/de\/kontakt\/#breadcrumb","itemListElement":[{"@type":"ListItem","position":1,"name":"Startseite","item":"https:\/\/atres.pl\/de\/"},{"@type":"ListItem","position":2,"name":"Kontakt"}]},{"@type":"WebSite","@id":"https:\/\/atres.pl\/de\/#website","url":"https:\/\/atres.pl\/de\/","name":"Atres Intralogistics","description":"Systemy i poci\u0105gi intralogistyczne","publisher":{"@id":"https:\/\/atres.pl\/de\/#organization"},"potentialAction":[{"@type":"SearchAction","target":{"@type":"EntryPoint","urlTemplate":"https:\/\/atres.pl\/de\/?s={search_term_string}"},"query-input":{"@type":"PropertyValueSpecification","valueRequired":true,"valueName":"search_term_string"}}],"inLanguage":"de-DE"},{"@type":"Organization","@id":"https:\/\/atres.pl\/de\/#organization","name":"Atres Intralogistics","url":"https:\/\/atres.pl\/de\/","logo":{"@type":"ImageObject","inLanguage":"de-DE","@id":"https:\/\/atres.pl\/de\/#\/schema\/logo\/image\/","url":"https:\/\/atres.pl\/wp-content\/uploads\/2022\/09\/Logo-Atres_R-e1663846882978.png","contentUrl":"https:\/\/atres.pl\/wp-content\/uploads\/2022\/09\/Logo-Atres_R-e1663846882978.png","width":800,"height":327,"caption":"Atres Intralogistics"},"image":{"@id":"https:\/\/atres.pl\/de\/#\/schema\/logo\/image\/"}}]}},"_links":{"self":[{"href":"https:\/\/atres.pl\/de\/wp-json\/wp\/v2\/pages\/611"}],"collection":[{"href":"https:\/\/atres.pl\/de\/wp-json\/wp\/v2\/pages"}],"about":[{"href":"https:\/\/atres.pl\/de\/wp-json\/wp\/v2\/types\/page"}],"author":[{"embeddable":true,"href":"https:\/\/atres.pl\/de\/wp-json\/wp\/v2\/users\/2"}],"replies":[{"embeddable":true,"href":"https:\/\/atres.pl\/de\/wp-json\/wp\/v2\/comments?post=611"}],"version-history":[{"count":3,"href":"https:\/\/atres.pl\/de\/wp-json\/wp\/v2\/pages\/611\/revisions"}],"predecessor-version":[{"id":1609,"href":"https:\/\/atres.pl\/de\/wp-json\/wp\/v2\/pages\/611\/revisions\/1609"}],"wp:featuredmedia":[{"embeddable":true,"href":"https:\/\/atres.pl\/de\/wp-json\/wp\/v2\/media\/1183"}],"wp:attachment":[{"href":"https:\/\/atres.pl\/de\/wp-json\/wp\/v2\/media?parent=611"}],"curies":[{"name":"wp","href":"https:\/\/api.w.org\/{rel}","templated":true}]}}