{"id":1562,"date":"2024-07-25T09:34:57","date_gmt":"2024-07-25T07:34:57","guid":{"rendered":"https:\/\/atres.pl\/?page_id=1562"},"modified":"2024-07-29T14:08:12","modified_gmt":"2024-07-29T12:08:12","slug":"atres-handler","status":"publish","type":"page","link":"https:\/\/atres.pl\/de\/atres-handler\/","title":{"rendered":"H\u00e4ndler"},"content":{"rendered":"<h2>Polen<\/h2>\n<p><img loading=\"lazy\" decoding=\"async\" class=\"alignnone size-medium wp-image-1054\" src=\"https:\/\/atres.pl\/wp-content\/uploads\/2022\/09\/Logo-Atres_R-e1663846882978-300x123.png\" sizes=\"(max-width: 300px) 100vw, 300px\" srcset=\"https:\/\/atres.pl\/wp-content\/uploads\/2022\/09\/Logo-Atres_R-e1663846882978-300x123.png 300w, https:\/\/atres.pl\/wp-content\/uploads\/2022\/09\/Logo-Atres_R-e1663846882978-768x314.png 768w, https:\/\/atres.pl\/wp-content\/uploads\/2022\/09\/Logo-Atres_R-e1663846882978.png 800w\" alt=\"Atres Intralogistics Logo\" width=\"300\" height=\"123\" \/><\/p>\n<h3>Atres Intralogistics Sp. z o.o.<\/h3>\n<p>ul. Ludmi\u0142y 60<br \/>\n61-054 Pozna\u0144<\/p>\n<p><a href=\"tel: +48 61 307 07 01\">+48 61 307 07 01<\/a><\/p>\n<p><a href=\"mailto:info@atres.pl\">info@atres.pl<\/a><\/p>\n<h2><\/h2>\n<h2><\/h2>\n<h2>Hungarien<\/h2>\n<p><img loading=\"lazy\" decoding=\"async\" class=\"alignnone size-medium wp-image-1552\" src=\"https:\/\/atres.pl\/wp-content\/uploads\/2024\/07\/LAUNE-300x64.png\" sizes=\"(max-width: 300px) 100vw, 300px\" srcset=\"https:\/\/atres.pl\/wp-content\/uploads\/2024\/07\/LAUNE-300x64.png 300w, https:\/\/atres.pl\/wp-content\/uploads\/2024\/07\/LAUNE.png 504w\" alt=\"LAUNE dystrybucja Atres\" width=\"300\" height=\"64\" \/><\/p>\n<div id=\"block-7\" class=\"widget widget_block logisco-widget\">\n<h3>LAUNE Hungary Kft.<\/h3>\n<p>Abonyi \u00fat 63<br \/>\n5000 Szolnok<br \/>\n<a href=\"tel:+36707712771\">+36 70 771 2771<\/a><br \/>\n<a href=\"mailto:%20emoricz@laune.hu\">emoricz@laune.hu<\/a><\/p>\n<\/div>\n<h2><\/h2>\n<h2>Rum\u00e4nien, Bulgarien<\/h2>\n<p><img loading=\"lazy\" decoding=\"async\" class=\"alignnone size-medium wp-image-1551\" src=\"https:\/\/atres.pl\/wp-content\/uploads\/2024\/07\/logo-eurobox-300x92.png\" sizes=\"(max-width: 300px) 100vw, 300px\" srcset=\"https:\/\/atres.pl\/wp-content\/uploads\/2024\/07\/logo-eurobox-300x92.png 300w, https:\/\/atres.pl\/wp-content\/uploads\/2024\/07\/logo-eurobox.png 490w\" alt=\"Eurobox Dystrybucja w\u00f3zk\u00f3w Atres\" width=\"300\" height=\"92\" \/><\/p>\n<h3><strong>SC Eurobox Technologies SRL<\/strong><\/h3>\n<p>42 Gl\u0103di\u021bei T7, pi\u0119tro 16<\/p>\n<p>041211 Bukarest<br \/>\n<a href=\"tel:+40748689207\">+40 748 689 207<\/a><br \/>\n<a href=\"mailto:sales@eurobox-logistics.com\" target=\"_blank\" rel=\"noopener noreferrer\">sales@eurobox-logistics.com<\/a><\/p>\n<div id=\"block-7\" class=\"widget widget_block logisco-widget\">\n<p class=\"separator\">&nbsp;<\/p>\n<\/div>\n","protected":false},"excerpt":{"rendered":"<p>Polen Atres Intralogistics Sp. z o.o. ul. Ludmi\u0142y 60 61-054 Pozna\u0144 +48 61 307 07 01 info@atres.pl Hungarien LAUNE Hungary Kft. Abonyi \u00fat 63 5000 Szolnok +36 70 771 2771 emoricz@laune.hu Rum\u00e4nien, Bulgarien SC Eurobox Technologies SRL 42 Gl\u0103di\u021bei T7, pi\u0119tro 16 041211 Bukarest +40 748 689 207 sales@eurobox-logistics.com &nbsp;<\/p>\n","protected":false},"author":2,"featured_media":0,"parent":0,"menu_order":0,"comment_status":"closed","ping_status":"closed","template":"","meta":{"_acf_changed":false,"footnotes":""},"class_list":["post-1562","page","type-page","status-publish","hentry"],"acf":[],"yoast_head":"<!-- This site is optimized with the Yoast SEO plugin v25.6 - https:\/\/yoast.com\/wordpress\/plugins\/seo\/ -->\n<title>H\u00e4ndler - Atres Intralogistics<\/title>\n<meta name=\"description\" content=\"Informieren Sie sich bei Ihrem Atres-H\u00e4ndler in Ihrer N\u00e4he und finden Sie professionelle Unterst\u00fctzung bei der Auswahl Ihrer Intralogistikl\u00f6sungen.\" \/>\n<meta name=\"robots\" content=\"index, follow, max-snippet:-1, max-image-preview:large, max-video-preview:-1\" \/>\n<link rel=\"canonical\" href=\"https:\/\/atres.pl\/de\/atres-handler\/\" \/>\n<meta property=\"og:locale\" content=\"de_DE\" \/>\n<meta property=\"og:type\" content=\"article\" \/>\n<meta property=\"og:title\" content=\"H\u00e4ndler - Atres Intralogistics\" \/>\n<meta property=\"og:description\" content=\"Informieren Sie sich bei Ihrem Atres-H\u00e4ndler in Ihrer N\u00e4he und finden Sie professionelle Unterst\u00fctzung bei der Auswahl Ihrer Intralogistikl\u00f6sungen.\" \/>\n<meta property=\"og:url\" content=\"https:\/\/atres.pl\/de\/atres-handler\/\" \/>\n<meta property=\"og:site_name\" content=\"Atres Intralogistics\" \/>\n<meta property=\"article:modified_time\" content=\"2024-07-29T12:08:12+00:00\" \/>\n<meta property=\"og:image\" content=\"https:\/\/atres.pl\/wp-content\/uploads\/2022\/09\/Logo-Atres_R-e1663846882978-300x123.png\" \/>\n<meta name=\"twitter:card\" content=\"summary_large_image\" \/>\n<script type=\"application\/ld+json\" class=\"yoast-schema-graph\">{\"@context\":\"https:\/\/schema.org\",\"@graph\":[{\"@type\":\"WebPage\",\"@id\":\"https:\/\/atres.pl\/de\/atres-handler\/\",\"url\":\"https:\/\/atres.pl\/de\/atres-handler\/\",\"name\":\"H\u00e4ndler - Atres Intralogistics\",\"isPartOf\":{\"@id\":\"https:\/\/atres.pl\/de\/#website\"},\"primaryImageOfPage\":{\"@id\":\"https:\/\/atres.pl\/de\/atres-handler\/#primaryimage\"},\"image\":{\"@id\":\"https:\/\/atres.pl\/de\/atres-handler\/#primaryimage\"},\"thumbnailUrl\":\"https:\/\/atres.pl\/wp-content\/uploads\/2022\/09\/Logo-Atres_R-e1663846882978-300x123.png\",\"datePublished\":\"2024-07-25T07:34:57+00:00\",\"dateModified\":\"2024-07-29T12:08:12+00:00\",\"description\":\"Informieren Sie sich bei Ihrem Atres-H\u00e4ndler in Ihrer N\u00e4he und finden Sie professionelle Unterst\u00fctzung bei der Auswahl Ihrer Intralogistikl\u00f6sungen.\",\"breadcrumb\":{\"@id\":\"https:\/\/atres.pl\/de\/atres-handler\/#breadcrumb\"},\"inLanguage\":\"de-DE\",\"potentialAction\":[{\"@type\":\"ReadAction\",\"target\":[\"https:\/\/atres.pl\/de\/atres-handler\/\"]}]},{\"@type\":\"ImageObject\",\"inLanguage\":\"de-DE\",\"@id\":\"https:\/\/atres.pl\/de\/atres-handler\/#primaryimage\",\"url\":\"https:\/\/atres.pl\/wp-content\/uploads\/2022\/09\/Logo-Atres_R-e1663846882978-300x123.png\",\"contentUrl\":\"https:\/\/atres.pl\/wp-content\/uploads\/2022\/09\/Logo-Atres_R-e1663846882978-300x123.png\"},{\"@type\":\"BreadcrumbList\",\"@id\":\"https:\/\/atres.pl\/de\/atres-handler\/#breadcrumb\",\"itemListElement\":[{\"@type\":\"ListItem\",\"position\":1,\"name\":\"Startseite\",\"item\":\"https:\/\/atres.pl\/de\/\"},{\"@type\":\"ListItem\",\"position\":2,\"name\":\"H\u00e4ndler\"}]},{\"@type\":\"WebSite\",\"@id\":\"https:\/\/atres.pl\/de\/#website\",\"url\":\"https:\/\/atres.pl\/de\/\",\"name\":\"Atres Intralogistics\",\"description\":\"Systemy i poci\u0105gi intralogistyczne\",\"publisher\":{\"@id\":\"https:\/\/atres.pl\/de\/#organization\"},\"potentialAction\":[{\"@type\":\"SearchAction\",\"target\":{\"@type\":\"EntryPoint\",\"urlTemplate\":\"https:\/\/atres.pl\/de\/?s={search_term_string}\"},\"query-input\":{\"@type\":\"PropertyValueSpecification\",\"valueRequired\":true,\"valueName\":\"search_term_string\"}}],\"inLanguage\":\"de-DE\"},{\"@type\":\"Organization\",\"@id\":\"https:\/\/atres.pl\/de\/#organization\",\"name\":\"Atres Intralogistics\",\"url\":\"https:\/\/atres.pl\/de\/\",\"logo\":{\"@type\":\"ImageObject\",\"inLanguage\":\"de-DE\",\"@id\":\"https:\/\/atres.pl\/de\/#\/schema\/logo\/image\/\",\"url\":\"https:\/\/atres.pl\/wp-content\/uploads\/2022\/09\/Logo-Atres_R-e1663846882978.png\",\"contentUrl\":\"https:\/\/atres.pl\/wp-content\/uploads\/2022\/09\/Logo-Atres_R-e1663846882978.png\",\"width\":800,\"height\":327,\"caption\":\"Atres Intralogistics\"},\"image\":{\"@id\":\"https:\/\/atres.pl\/de\/#\/schema\/logo\/image\/\"}}]}<\/script>\n<!-- \/ Yoast SEO plugin. -->","yoast_head_json":{"title":"H\u00e4ndler - Atres Intralogistics","description":"Informieren Sie sich bei Ihrem Atres-H\u00e4ndler in Ihrer N\u00e4he und finden Sie professionelle Unterst\u00fctzung bei der Auswahl Ihrer Intralogistikl\u00f6sungen.","robots":{"index":"index","follow":"follow","max-snippet":"max-snippet:-1","max-image-preview":"max-image-preview:large","max-video-preview":"max-video-preview:-1"},"canonical":"https:\/\/atres.pl\/de\/atres-handler\/","og_locale":"de_DE","og_type":"article","og_title":"H\u00e4ndler - Atres Intralogistics","og_description":"Informieren Sie sich bei Ihrem Atres-H\u00e4ndler in Ihrer N\u00e4he und finden Sie professionelle Unterst\u00fctzung bei der Auswahl Ihrer Intralogistikl\u00f6sungen.","og_url":"https:\/\/atres.pl\/de\/atres-handler\/","og_site_name":"Atres Intralogistics","article_modified_time":"2024-07-29T12:08:12+00:00","og_image":[{"url":"https:\/\/atres.pl\/wp-content\/uploads\/2022\/09\/Logo-Atres_R-e1663846882978-300x123.png","type":"","width":"","height":""}],"twitter_card":"summary_large_image","schema":{"@context":"https:\/\/schema.org","@graph":[{"@type":"WebPage","@id":"https:\/\/atres.pl\/de\/atres-handler\/","url":"https:\/\/atres.pl\/de\/atres-handler\/","name":"H\u00e4ndler - Atres Intralogistics","isPartOf":{"@id":"https:\/\/atres.pl\/de\/#website"},"primaryImageOfPage":{"@id":"https:\/\/atres.pl\/de\/atres-handler\/#primaryimage"},"image":{"@id":"https:\/\/atres.pl\/de\/atres-handler\/#primaryimage"},"thumbnailUrl":"https:\/\/atres.pl\/wp-content\/uploads\/2022\/09\/Logo-Atres_R-e1663846882978-300x123.png","datePublished":"2024-07-25T07:34:57+00:00","dateModified":"2024-07-29T12:08:12+00:00","description":"Informieren Sie sich bei Ihrem Atres-H\u00e4ndler in Ihrer N\u00e4he und finden Sie professionelle Unterst\u00fctzung bei der Auswahl Ihrer Intralogistikl\u00f6sungen.","breadcrumb":{"@id":"https:\/\/atres.pl\/de\/atres-handler\/#breadcrumb"},"inLanguage":"de-DE","potentialAction":[{"@type":"ReadAction","target":["https:\/\/atres.pl\/de\/atres-handler\/"]}]},{"@type":"ImageObject","inLanguage":"de-DE","@id":"https:\/\/atres.pl\/de\/atres-handler\/#primaryimage","url":"https:\/\/atres.pl\/wp-content\/uploads\/2022\/09\/Logo-Atres_R-e1663846882978-300x123.png","contentUrl":"https:\/\/atres.pl\/wp-content\/uploads\/2022\/09\/Logo-Atres_R-e1663846882978-300x123.png"},{"@type":"BreadcrumbList","@id":"https:\/\/atres.pl\/de\/atres-handler\/#breadcrumb","itemListElement":[{"@type":"ListItem","position":1,"name":"Startseite","item":"https:\/\/atres.pl\/de\/"},{"@type":"ListItem","position":2,"name":"H\u00e4ndler"}]},{"@type":"WebSite","@id":"https:\/\/atres.pl\/de\/#website","url":"https:\/\/atres.pl\/de\/","name":"Atres Intralogistics","description":"Systemy i poci\u0105gi intralogistyczne","publisher":{"@id":"https:\/\/atres.pl\/de\/#organization"},"potentialAction":[{"@type":"SearchAction","target":{"@type":"EntryPoint","urlTemplate":"https:\/\/atres.pl\/de\/?s={search_term_string}"},"query-input":{"@type":"PropertyValueSpecification","valueRequired":true,"valueName":"search_term_string"}}],"inLanguage":"de-DE"},{"@type":"Organization","@id":"https:\/\/atres.pl\/de\/#organization","name":"Atres Intralogistics","url":"https:\/\/atres.pl\/de\/","logo":{"@type":"ImageObject","inLanguage":"de-DE","@id":"https:\/\/atres.pl\/de\/#\/schema\/logo\/image\/","url":"https:\/\/atres.pl\/wp-content\/uploads\/2022\/09\/Logo-Atres_R-e1663846882978.png","contentUrl":"https:\/\/atres.pl\/wp-content\/uploads\/2022\/09\/Logo-Atres_R-e1663846882978.png","width":800,"height":327,"caption":"Atres Intralogistics"},"image":{"@id":"https:\/\/atres.pl\/de\/#\/schema\/logo\/image\/"}}]}},"_links":{"self":[{"href":"https:\/\/atres.pl\/de\/wp-json\/wp\/v2\/pages\/1562"}],"collection":[{"href":"https:\/\/atres.pl\/de\/wp-json\/wp\/v2\/pages"}],"about":[{"href":"https:\/\/atres.pl\/de\/wp-json\/wp\/v2\/types\/page"}],"author":[{"embeddable":true,"href":"https:\/\/atres.pl\/de\/wp-json\/wp\/v2\/users\/2"}],"replies":[{"embeddable":true,"href":"https:\/\/atres.pl\/de\/wp-json\/wp\/v2\/comments?post=1562"}],"version-history":[{"count":2,"href":"https:\/\/atres.pl\/de\/wp-json\/wp\/v2\/pages\/1562\/revisions"}],"predecessor-version":[{"id":1590,"href":"https:\/\/atres.pl\/de\/wp-json\/wp\/v2\/pages\/1562\/revisions\/1590"}],"wp:attachment":[{"href":"https:\/\/atres.pl\/de\/wp-json\/wp\/v2\/media?parent=1562"}],"curies":[{"name":"wp","href":"https:\/\/api.w.org\/{rel}","templated":true}]}}